{"id":95,"date":"2019-03-18T13:34:51","date_gmt":"2019-03-18T12:34:51","guid":{"rendered":"http:\/\/ninondubourg.com\/?page_id=95"},"modified":"2020-02-16T17:15:30","modified_gmt":"2020-02-16T16:15:30","slug":"thesis","status":"publish","type":"page","link":"https:\/\/ninondubourg.com\/index.php\/thesis\/","title":{"rendered":"Thesis"},"content":{"rendered":"\n<p><strong>Titre<\/strong> :  \u00ab<em>&nbsp;Ad obsequium divinum inhabilem&nbsp;<\/em>\u00bb, La reconnaissance de la condition de personne infirme par la chancellerie pontificale (xii<sup>e<\/sup> \u2013 xiv<sup>e<\/sup> si\u00e8cles)<\/p>\n\n\n\n<p> <strong>R\u00e9sum\u00e9<\/strong>&nbsp;: Les suppliques re\u00e7ues et les lettres \u00e9mises par la Chancellerie apostolique entre le xii<sup>e<\/sup> et le xiv<sup>e<\/sup> si\u00e8cle attestent la reconnaissance de l\u2019invalidit\u00e9 par l\u2019institution pontificale. Elles actent l\u2019existence d\u2019une infirmit\u00e9 physique ou mentale et autorisent le suppliant \u00e0 adapter ses missions de clerc ou de chr\u00e9tien en fonction de ses capacit\u00e9s. Ces documents se situent \u00e0 la fronti\u00e8re entre une parole institutionnelle et des sources de la pratique. La sollicitation provoque une intense et complexe production \u00e9pistolaire, mettant en \u00e9vidence les acteurs engag\u00e9s dans ce processus \u2013 les individus invalides et les personnels curial et eccl\u00e9siastique. Elle d\u00e9voile les l\u00e9gislations sp\u00e9cifiques \u00e0 l\u2019institution et entra\u00eene une d\u00e9finition de l\u2019infirmit\u00e9 par la Chancellerie pontificale, cat\u00e9gorisant les corps invalides selon leur condition physique ou mentale. Les r\u00e9ponses de la Curie, bas\u00e9es sur la tradition de compilation de cas similaires, connus par le droit et l\u2019enregistrement, confirment la reconnaissance de la condition de personne infirme. Les suppliques et les lettres constituent ainsi un excellent laboratoire d\u2019analyse pour \u00e9tudier le handicap m\u00e9di\u00e9val dans sa relation \u00e0 la papaut\u00e9 comme institution.<\/p>\n\n\n\n<p> <strong>Mots clefs<\/strong>&nbsp;: Handicap \u2013 infirmit\u00e9 \u2013 papaut\u00e9 \u2013 Chancellerie pontificale \u2013 suppliques \u2013 lettres \u2013 droit canon \u2013 identit\u00e9 \u2013 religiosit\u00e9 \u2013 clercs \u2013 la\u00efcs \u2013 Chr\u00e9tient\u00e9.<\/p>\n\n\n\n<p><\/p>\n\n\n\n<p><\/p>\n\n\n\n<div class=\"wp-block-image\"><figure class=\"aligncenter size-large\"><img loading=\"lazy\" decoding=\"async\" width=\"236\" height=\"294\" src=\"http:\/\/ninondubourg.com\/wp-content\/uploads\/2020\/02\/book-of-hours-Arras-ca.-1296-1311-Cambrai-BM-ms.-87-fol.-138r.png\" alt=\"\" class=\"wp-image-311\"\/><figcaption>Book of hours, Arras ca. 1296-1311 Cambrai, BM, ms. 87, fol. 138r<\/figcaption><\/figure><\/div>\n\n\n\n<p> <strong>Title<\/strong>: \u00ab<em>&nbsp;Ad obsequium divinum inhabilem&nbsp;<\/em>\u00bb, The Recognition of the disabled person\u2019s condition by the Papal Chancery (12<sup>th<\/sup>-14<sup>th<\/sup> century)<\/p>\n\n\n\n<p>\n<strong>Summary<\/strong>:\nThe petitions received and the letters sent by the Papal Chancery\nbetween the 12<sup>th<\/sup>-14<sup>th<\/sup>\ncentury attest the recognition of invalidity by the Papacy.\nThey acknowledge the existence of a physical or mental infirmity and\nallow the supplicant to adapt his missions of cleric or Christian\naccording to his abilities. These documents lie at the boundary\nbetween the institutional word and practical sources. Supplicant\u2019s\nsolicitations bring about an intense and complex epistolary\nproduction, whose main actors are the disabled individuals and the\ncurial and ecclesiastical personnel. They reveal the specific\nlegislation of the institution and lead to a definition of infirmity\nby the Papal Chancery, one that categorizes invalid bodies according\nto their physical or mental condition. Curia\u2019s replies to\nsolicitations, based on a case law system, constitute further\nevidence of the recognition of the disabled person\u2019s condition. The\nsupplications and letters thus constitute an excellent laboratory of\nanalysis to study medieval disability in its relation to the Papacy\nas an institution.<\/p>\n\n\n\n<p>\n<strong>Keywords<\/strong>:\nDisability \u2013 infirmity \u2013 Papacy \u2013 Papal Chancery \u2013 petition \u2013\nletters \u2013 canon law \u2013 identity \u2013 religiosity \u2013 clerics \u2013\nlay \u2013 Christendom.<\/p>\n","protected":false},"excerpt":{"rendered":"<p>Titre : \u00ab&nbsp;Ad obsequium divinum inhabilem&nbsp;\u00bb, La reconnaissance de la condition de personne infirme par la chancellerie pontificale (xiie \u2013 xive si\u00e8cles) R\u00e9sum\u00e9&nbsp;: Les suppliques re\u00e7ues et les lettres \u00e9mises par la Chancellerie apostolique entre le xiie et le xive si\u00e8cle attestent la reconnaissance de l\u2019invalidit\u00e9 par l\u2019institution pontificale. Elles actent l\u2019existence d\u2019une infirmit\u00e9 physique &hellip; <\/p>\n<p class=\"link-more\"><a href=\"https:\/\/ninondubourg.com\/index.php\/thesis\/\" class=\"more-link\">Continue reading<span class=\"screen-reader-text\"> &#8220;Thesis&#8221;<\/span><\/a><\/p>\n","protected":false},"author":1,"featured_media":107,"parent":0,"menu_order":0,"comment_status":"closed","ping_status":"closed","template":"","meta":{"footnotes":""},"class_list":["post-95","page","type-page","status-publish","has-post-thumbnail","hentry"],"_links":{"self":[{"href":"https:\/\/ninondubourg.com\/index.php\/wp-json\/wp\/v2\/pages\/95","targetHints":{"allow":["GET"]}}],"collection":[{"href":"https:\/\/ninondubourg.com\/index.php\/wp-json\/wp\/v2\/pages"}],"about":[{"href":"https:\/\/ninondubourg.com\/index.php\/wp-json\/wp\/v2\/types\/page"}],"author":[{"embeddable":true,"href":"https:\/\/ninondubourg.com\/index.php\/wp-json\/wp\/v2\/users\/1"}],"replies":[{"embeddable":true,"href":"https:\/\/ninondubourg.com\/index.php\/wp-json\/wp\/v2\/comments?post=95"}],"version-history":[{"count":8,"href":"https:\/\/ninondubourg.com\/index.php\/wp-json\/wp\/v2\/pages\/95\/revisions"}],"predecessor-version":[{"id":314,"href":"https:\/\/ninondubourg.com\/index.php\/wp-json\/wp\/v2\/pages\/95\/revisions\/314"}],"wp:featuredmedia":[{"embeddable":true,"href":"https:\/\/ninondubourg.com\/index.php\/wp-json\/wp\/v2\/media\/107"}],"wp:attachment":[{"href":"https:\/\/ninondubourg.com\/index.php\/wp-json\/wp\/v2\/media?parent=95"}],"curies":[{"name":"wp","href":"https:\/\/api.w.org\/{rel}","templated":true}]}}