{"id":92,"date":"2019-03-18T13:31:51","date_gmt":"2019-03-18T12:31:51","guid":{"rendered":"http:\/\/ninondubourg.com\/?page_id=92"},"modified":"2022-03-27T19:18:09","modified_gmt":"2022-03-27T17:18:09","slug":"teaching","status":"publish","type":"page","link":"https:\/\/ninondubourg.com\/index.php\/teaching\/","title":{"rendered":"Teaching"},"content":{"rendered":"\n<h2 class=\"wp-block-heading\"><strong>Teaching<\/strong><\/h2>\n\n\n\n<h3 class=\"wp-block-heading\"><em>Medieval history<\/em><\/h3>\n\n\n\n<p><em>Histoire\nm\u00e9di\u00e9vale 1&nbsp;: Haut Moyen \u00c2ge (<\/em><em>v<\/em><sup><em>e<\/em><\/sup><em>&#8211;<\/em><em>x<\/em><sup><em>e<\/em><\/sup><em>\nsi\u00e8cles)<\/em>,\nL2, S3\n(2018,\none\nsemester),\nUniversit\u00e9\nParis\nDiderot\n\u2013 Paris 7,\ncoordinated\nby\nDidier\nLett&nbsp;;<\/p>\n\n\n\n<p><em>Histoire\nm\u00e9di\u00e9vale 2&nbsp;: Bas Moyen \u00c2ge (<\/em><em>xi<\/em><sup><em>e<\/em><\/sup><em>&#8211;<\/em><em>xv<\/em><sup><em>e<\/em><\/sup><em>\nsi\u00e8cles)<\/em>,\nL2, S4\n(2016-2017,\ntwo\nsemesters)\nUniversit\u00e9\nParis\nDiderot\n\u2013 Paris 7,\ncoordinated\nby\nJudica\u00ebl Petrowiste&nbsp;;<\/p>\n\n\n\n<p><em>Histoire\nm\u00e9di\u00e9vale 1&nbsp;: Haut Moyen \u00c2ge (<\/em><em>v<\/em><sup><em>e<\/em><\/sup><em>&#8211;<\/em><em>x<\/em><sup><em>e<\/em><\/sup><em>\nsi\u00e8cles)<\/em>,\nL2, S3\n(2015-2016,\ntwo\nsemesters),\nUniversit\u00e9\nParis\nDiderot\n\u2013 Paris 7,\ncoordinated\nby\nMaaike\nVan\nDer Lugt&nbsp;;<\/p>\n\n\n\n<p><em>Introduction\n\u00e0 l\u2019histoire m\u00e9di\u00e9vale<\/em>,\nL1, S2\n(2013-2014,\ntwo\nsemesters),\nUniversit\u00e9 Paris\nDiderot\n\u2013 Paris 7,\ncoordinated\nby\nJudica\u00ebl Petrowiste.<\/p>\n\n\n\n<h3 class=\"wp-block-heading\"><em>Bachelor &amp; master degrees, generalists courses<\/em><\/h3>\n\n\n\n<p><em>M\u00e9thodologie\ndu travail universitaire<\/em>,\nL1, S1\n(2013-2018,\nfour\nsemesters),\nUniversit\u00e9 Paris\nDiderot\n\u2013 Paris 7,\ncoordinated\nby\nAur\u00e9lia Michel&nbsp;;<\/p>\n\n\n\n<p><em>M\u00e9thodes\ng\u00e9n\u00e9rales de la recherche<\/em>,\nM1, S1\n(4 courses\nin\n2015),\nUniversit\u00e9\nParis\nDiderot\n\u2013 Paris 7,\ncoordinated\nby\nMaaike\nVan\nDer Lugt&nbsp;;<\/p>\n\n\n\n<p><em>Historiographie\u00a0: Occident et Mondes<\/em>, L2, S4 (2016-2017, two semesters), Universit\u00e9 Paris Diderot \u2013 Paris 7, coordinated by Nathalie Kouam\u00e9 and Fabien Simon.<\/p>\n\n\n\n<h3 class=\"wp-block-heading\"><em>Seminar for Master degree, disability history<\/em><\/h3>\n\n\n\n<p>Co-organisation of the monthly seminar \u201cConstruire une histoire du handicap et de la surdit\u00e9 au travers des si\u00e8cles\u201d (Building a history of disability and deafness through the centuries) (<a href=\"https:\/\/enseignements.ehess.fr\/2021-2022\/ue\/899\">EHESS UE899<\/a>) with Fabrice Bertin (Paris, EHESS) and Gildas Br\u00e9gain (Rennes, CNRS) (2021-2022)<\/p>\n\n\n\n<h2 class=\"wp-block-heading\">\t<strong>Administrative\nimplications<\/strong><\/h2>\n\n\n\n<p>09\/2021 \u2013 08\/2023 &nbsp;&nbsp;&nbsp; Member of the Management and Scientific Councils, UR \u201cTransitions\u201d.<\/p>\n\n\n\n<p>09\/2013 \u2013 06\/2017&nbsp;&nbsp;&nbsp;&nbsp; Substitute delegate for PhD students from the \u00c9cole Doctorale 382.<\/p>\n\n\n\n<p>09\/2014 \u2013 06\/2016&nbsp;&nbsp;&nbsp;&nbsp; Delegate of the doctoral students of the laboratory ICT\/ University of &nbsp;&nbsp;&nbsp;&nbsp;&nbsp;&nbsp;&nbsp;&nbsp;&nbsp;&nbsp;&nbsp;&nbsp;&nbsp;&nbsp;&nbsp;&nbsp;&nbsp;&nbsp;&nbsp;&nbsp;&nbsp;&nbsp;&nbsp;&nbsp;&nbsp;&nbsp;&nbsp;&nbsp;&nbsp;&nbsp;&nbsp;&nbsp;&nbsp;&nbsp;&nbsp;&nbsp; Paris\/France.<\/p>\n\n\n\n<p>  <\/p>\n\n\n\n<p><\/p>\n","protected":false},"excerpt":{"rendered":"<p>Teaching Medieval history Histoire m\u00e9di\u00e9vale 1&nbsp;: Haut Moyen \u00c2ge (ve&#8211;xe si\u00e8cles), L2, S3 (2018, one semester), Universit\u00e9 Paris Diderot \u2013 Paris 7, coordinated by Didier Lett&nbsp;; Histoire m\u00e9di\u00e9vale 2&nbsp;: Bas Moyen \u00c2ge (xie&#8211;xve si\u00e8cles), L2, S4 (2016-2017, two semesters) Universit\u00e9 Paris Diderot \u2013 Paris 7, coordinated by Judica\u00ebl Petrowiste&nbsp;; Histoire m\u00e9di\u00e9vale 1&nbsp;: Haut Moyen \u00c2ge &hellip; <\/p>\n<p class=\"link-more\"><a href=\"https:\/\/ninondubourg.com\/index.php\/teaching\/\" class=\"more-link\">Continue reading<span class=\"screen-reader-text\"> &#8220;Teaching&#8221;<\/span><\/a><\/p>\n","protected":false},"author":1,"featured_media":60,"parent":0,"menu_order":0,"comment_status":"closed","ping_status":"closed","template":"","meta":{"footnotes":""},"class_list":["post-92","page","type-page","status-publish","has-post-thumbnail","hentry"],"_links":{"self":[{"href":"https:\/\/ninondubourg.com\/index.php\/wp-json\/wp\/v2\/pages\/92","targetHints":{"allow":["GET"]}}],"collection":[{"href":"https:\/\/ninondubourg.com\/index.php\/wp-json\/wp\/v2\/pages"}],"about":[{"href":"https:\/\/ninondubourg.com\/index.php\/wp-json\/wp\/v2\/types\/page"}],"author":[{"embeddable":true,"href":"https:\/\/ninondubourg.com\/index.php\/wp-json\/wp\/v2\/users\/1"}],"replies":[{"embeddable":true,"href":"https:\/\/ninondubourg.com\/index.php\/wp-json\/wp\/v2\/comments?post=92"}],"version-history":[{"count":12,"href":"https:\/\/ninondubourg.com\/index.php\/wp-json\/wp\/v2\/pages\/92\/revisions"}],"predecessor-version":[{"id":400,"href":"https:\/\/ninondubourg.com\/index.php\/wp-json\/wp\/v2\/pages\/92\/revisions\/400"}],"wp:featuredmedia":[{"embeddable":true,"href":"https:\/\/ninondubourg.com\/index.php\/wp-json\/wp\/v2\/media\/60"}],"wp:attachment":[{"href":"https:\/\/ninondubourg.com\/index.php\/wp-json\/wp\/v2\/media?parent=92"}],"curies":[{"name":"wp","href":"https:\/\/api.w.org\/{rel}","templated":true}]}}