{"id":9,"date":"2019-03-18T12:18:50","date_gmt":"2019-03-18T11:18:50","guid":{"rendered":"http:\/\/ninondubourg.com\/?page_id=9"},"modified":"2024-12-26T16:28:50","modified_gmt":"2024-12-26T15:28:50","slug":"home","status":"publish","type":"page","link":"https:\/\/ninondubourg.com\/","title":{"rendered":"Welcome"},"content":{"rendered":"<div class=\"wp-block-image\">\n<figure class=\"alignleft size-large is-resized\"><img loading=\"lazy\" decoding=\"async\" width=\"683\" height=\"1024\" src=\"http:\/\/ninondubourg.com\/wp-content\/uploads\/2021\/05\/5-683x1024.jpg\" alt=\"\" class=\"wp-image-345\" style=\"width:190px;height:285px\" srcset=\"https:\/\/ninondubourg.com\/wp-content\/uploads\/2021\/05\/5-683x1024.jpg 683w, https:\/\/ninondubourg.com\/wp-content\/uploads\/2021\/05\/5-200x300.jpg 200w, https:\/\/ninondubourg.com\/wp-content\/uploads\/2021\/05\/5-768x1152.jpg 768w, https:\/\/ninondubourg.com\/wp-content\/uploads\/2021\/05\/5-1024x1536.jpg 1024w, https:\/\/ninondubourg.com\/wp-content\/uploads\/2021\/05\/5-1365x2048.jpg 1365w, https:\/\/ninondubourg.com\/wp-content\/uploads\/2021\/05\/5-scaled.jpg 1707w\" sizes=\"auto, (max-width: 683px) 100vw, 683px\" \/><\/figure><\/div>\n\n\n<p>Dr. Ninon Dubourg is currently a postdoctoral researcher funded by an <a href=\"https:\/\/www.humboldt-foundation.de\/en\/connect\/explore-the-humboldt-network\/singleview\/1236970\/dr-ninon-dubourg\">Alexander von Humboldt<\/a>&nbsp;research fellowship and hosted at the University of Cologne. She holds a PhD from the University of Paris-Cit\u00e9, France, and was for 3 years a postdoctoral fellow funded by the FRS-FNRS in Li\u00e8ge (Belgium, 2021-2024). Her research focuses on old age and physical and mental disabilities in both secular and clerical contexts in medieval Europe (12th\u201316th centuries).<\/p>\n\n\n\n<p>Her PhD and first postdoc were based on the petition and papal letters conserved in the Papal Archives of the Vatican Apostolic Archives and the Apostolic Penitentiary. She shows that this kind of ecclesiastical document offers us significant insight into the Church\u2019s comprehension of the social experience of disability.<\/p>\n\n\n\n<p>Her Alexander von Humboldt project is entitled: &#8220;Aging in Li\u00e8ge \u2013 A History of Old Age at a City Scale (15th-16th centuries) (AGING).&#8221; The AGING project aims to contribute to new developments in the history of aging and retirement by analyzing the archives of five institutions in the city of Li\u00e8ge involved in elderly care. It examines the organization of these institutions and their financial records of income and expenses, with the aim of writing an economic, urban, and social history of the late medieval \/ early modern retirement.<\/p>\n\n\n\n<p>She manages the research blog&nbsp;<em><a href=\"https:\/\/dishist.hypotheses.org\/\" target=\"_blank\" rel=\"noreferrer noopener\">History of Disease, Disability &amp; Medicine in Medieval Europe<\/a><\/em>&nbsp;and has been co-organizing the EHESS monthly seminar &#8220;<a href=\"https:\/\/enseignements.ehess.fr\/2024-2025\/ue\/11\" target=\"_blank\" rel=\"noreferrer noopener\">Construire une histoire du handicap et de la surdit\u00e9 au travers des si\u00e8cles<\/a>&#8221; since 2021, alongside Fabrice Bertin (EHESS) and Gildas Br\u00e9gain (Rennes, CNRS)&nbsp;(<a href=\"https:\/\/enseignements.ehess.fr\/2024-2025\/ue\/11\">program 2024\/2025<\/a>).<\/p>\n\n\n\n<p>She is also a member of the \u201cR\u00e9seau jeunes chercheurs Handicap(s) et Soci\u00e9t\u00e9s, Programme Handicaps et Soci\u00e9t\u00e9s\u201d \u2013 EHESS, Paris (<a href=\"http:\/\/phs.ehess.fr\/jeune-chercheurs\/annuaire-jeunes-chercheurs\/\">http:\/\/phs.ehess.fr\/jeune-chercheurs\/annuaire-jeunes-chercheurs\/<\/a>) and foreign associate of the research network \u201cHomo Debilis\u201d at the Bremen University (<a href=\"http:\/\/www.homo-debilis.de\/personen\/index-en.html\">http:\/\/www.homo-debilis.de\/personen\/index-en.html<\/a>).<\/p>\n\n\n\n<p>Found her on <a href=\"https:\/\/social.sciences.re\/@NinonDubourg\">Mastodon<\/a><\/p>\n\n\n\n<p>Found her on<a href=\"https:\/\/x.com\/NinonDubourg\">Twitter<\/a><\/p>\n\n\n\n<p>Found her on <a href=\"https:\/\/bsky.app\/profile\/ninondubourg.bsky.social\">Bluesky<\/a><\/p>\n\n\n<div class=\"wp-block-image\">\n<figure class=\"aligncenter is-resized\"><img loading=\"lazy\" decoding=\"async\" width=\"208\" height=\"306\" src=\"http:\/\/ninondubourg.com\/wp-content\/uploads\/2019\/06\/SNAILCAT-maastricht-hours-1300coup\u00e9-2.png\" alt=\"\" class=\"wp-image-230\" style=\"width:87px;height:129px\" srcset=\"https:\/\/ninondubourg.com\/wp-content\/uploads\/2019\/06\/SNAILCAT-maastricht-hours-1300coup\u00e9-2.png 208w, https:\/\/ninondubourg.com\/wp-content\/uploads\/2019\/06\/SNAILCAT-maastricht-hours-1300coup\u00e9-2-204x300.png 204w\" sizes=\"auto, (max-width: 208px) 100vw, 208px\" \/><\/figure><\/div>","protected":false},"excerpt":{"rendered":"<p>Dr. Ninon Dubourg is currently a postdoctoral researcher funded by an Alexander von Humboldt&nbsp;research fellowship and hosted at the University of Cologne. She holds a PhD from the University of Paris-Cit\u00e9, France, and was for 3 years a postdoctoral fellow funded by the FRS-FNRS in Li\u00e8ge (Belgium, 2021-2024). Her research focuses on old age and &hellip; <\/p>\n<p class=\"link-more\"><a href=\"https:\/\/ninondubourg.com\/\" class=\"more-link\">Continue reading<span class=\"screen-reader-text\"> &#8220;Welcome&#8221;<\/span><\/a><\/p>\n","protected":false},"author":1,"featured_media":0,"parent":0,"menu_order":0,"comment_status":"closed","ping_status":"closed","template":"","meta":{"footnotes":""},"class_list":["post-9","page","type-page","status-publish","hentry"],"_links":{"self":[{"href":"https:\/\/ninondubourg.com\/index.php\/wp-json\/wp\/v2\/pages\/9","targetHints":{"allow":["GET"]}}],"collection":[{"href":"https:\/\/ninondubourg.com\/index.php\/wp-json\/wp\/v2\/pages"}],"about":[{"href":"https:\/\/ninondubourg.com\/index.php\/wp-json\/wp\/v2\/types\/page"}],"author":[{"embeddable":true,"href":"https:\/\/ninondubourg.com\/index.php\/wp-json\/wp\/v2\/users\/1"}],"replies":[{"embeddable":true,"href":"https:\/\/ninondubourg.com\/index.php\/wp-json\/wp\/v2\/comments?post=9"}],"version-history":[{"count":32,"href":"https:\/\/ninondubourg.com\/index.php\/wp-json\/wp\/v2\/pages\/9\/revisions"}],"predecessor-version":[{"id":713,"href":"https:\/\/ninondubourg.com\/index.php\/wp-json\/wp\/v2\/pages\/9\/revisions\/713"}],"wp:attachment":[{"href":"https:\/\/ninondubourg.com\/index.php\/wp-json\/wp\/v2\/media?parent=9"}],"curies":[{"name":"wp","href":"https:\/\/api.w.org\/{rel}","templated":true}]}}