{"id":64,"date":"2019-03-18T13:12:40","date_gmt":"2019-03-18T12:12:40","guid":{"rendered":"http:\/\/ninondubourg.com\/?page_id=64"},"modified":"2019-03-18T13:21:38","modified_gmt":"2019-03-18T12:21:38","slug":"data-base","status":"publish","type":"page","link":"https:\/\/ninondubourg.com\/index.php\/data-base\/","title":{"rendered":"Data Base"},"content":{"rendered":"\n<p> <em> <\/em>L\u2019ensemble des suppliques et des lettres pontificales prises en compte dans cette \u00e9tude a \u00e9t\u00e9 compil\u00e9 dans une base de donn\u00e9es r\u00e9alis\u00e9e par tableur. Cette derni\u00e8re permet de concentrer toutes les connaissances livr\u00e9es par les missives et peut \u00eatre utilis\u00e9e pour les analyses quantitatives (par un traitement statistique) et qualitatives (par la compilation de toutes les informations rassembl\u00e9es sur un cas pr\u00e9cis). Sa structure est illustr\u00e9e par le document. Elle nous permet d\u2019enregistrer les renseignements sur les diff\u00e9rents acteurs qui jouent un r\u00f4le dans la supplication : les imp\u00e9trants, les \u00e9metteurs, les destinataires et les interm\u00e9diaires. Les informations qui les concernent sont cat\u00e9goris\u00e9es par l\u2019institution pontificale selon le sexe (homme ou femme), le statut (s\u00e9culier, r\u00e9gulier ou la\u00efc), l\u2019ordre (r\u00e9gulier monastique, mais aussi majeur ou mineur) et la fonction dans l\u2019<em>ecclesia<\/em> (clerc, chanoine, mendiant, etc.) ou dans la soci\u00e9t\u00e9 la\u00efque (roi, seigneur, citoyen, etc.). Enfin, suivent leur nom et leur lieu de provenance (colonnes&nbsp;2 et 3). <\/p>\n\n\n\n<figure class=\"wp-block-image\"><img loading=\"lazy\" decoding=\"async\" width=\"1024\" height=\"581\" src=\"https:\/\/ninondubourg.com\/wp-content\/uploads\/2019\/03\/BDD-schema-jpg-1024x581.jpg\" alt=\"\" class=\"wp-image-65\" srcset=\"https:\/\/ninondubourg.com\/wp-content\/uploads\/2019\/03\/BDD-schema-jpg-1024x581.jpg 1024w, https:\/\/ninondubourg.com\/wp-content\/uploads\/2019\/03\/BDD-schema-jpg-300x170.jpg 300w, https:\/\/ninondubourg.com\/wp-content\/uploads\/2019\/03\/BDD-schema-jpg-768x436.jpg 768w, https:\/\/ninondubourg.com\/wp-content\/uploads\/2019\/03\/BDD-schema-jpg.jpg 1254w\" sizes=\"auto, (max-width: 767px) 89vw, (max-width: 1000px) 54vw, (max-width: 1071px) 543px, 580px\" \/><figcaption> <br><em>Document 1: Structure de la base de donn\u00e9es des lettres pontificales \u00e9mises par la Chancellerie<\/em> <\/figcaption><\/figure>\n\n\n\n<p>Les\ninformations contenues dans les suppliques ont \u00e9t\u00e9 vers\u00e9es de\nmani\u00e8re l\u00e9g\u00e8rement distincte dans notre base de donn\u00e9es. En\neffet, ces documents nous apportent des \u00e9l\u00e9ments nouveaux par\nrapport aux lettres pontificales (illustr\u00e9s par le\ndocument<em>&nbsp;<\/em>).\nLes destinataires ou interm\u00e9diaires sont remplac\u00e9s par les\n\u00e9metteurs, dans la mesure o\u00f9 ils peuvent \u00eatre diff\u00e9rents du ou\ndes suppliants.<\/p>\n\n\n\n<figure class=\"wp-block-image\"><img loading=\"lazy\" decoding=\"async\" width=\"1024\" height=\"429\" src=\"https:\/\/ninondubourg.com\/wp-content\/uploads\/2019\/03\/BDD-suppliques--1024x429.jpg\" alt=\"\" class=\"wp-image-66\" srcset=\"https:\/\/ninondubourg.com\/wp-content\/uploads\/2019\/03\/BDD-suppliques--1024x429.jpg 1024w, https:\/\/ninondubourg.com\/wp-content\/uploads\/2019\/03\/BDD-suppliques--300x126.jpg 300w, https:\/\/ninondubourg.com\/wp-content\/uploads\/2019\/03\/BDD-suppliques--768x322.jpg 768w, https:\/\/ninondubourg.com\/wp-content\/uploads\/2019\/03\/BDD-suppliques-.jpg 1746w\" sizes=\"auto, (max-width: 767px) 89vw, (max-width: 1000px) 54vw, (max-width: 1071px) 543px, 580px\" \/><figcaption> <br><em>Document 2: Structure de la base de donn\u00e9es des suppliques envoy\u00e9es \u00e0 la Chancellerie<\/em> <\/figcaption><\/figure>\n\n\n\n<p> La base de donn\u00e9es contient l\u2019identit\u00e9 des nombreux individus concern\u00e9s par cet \u00e9change \u00e9pistolaire. D\u2019abord, nous comptons plus de 1 060 p\u00e9titeurs en situation d\u2019infirmit\u00e9s. Ensuite, notre base de donn\u00e9es d\u00e9voile l\u2019identit\u00e9 des \u00e9metteurs de suppliques pour plus de 80 imp\u00e9trants. Elle est \u00e9galement compos\u00e9e du nom des destinataires des lettres dans un peu plus de 340 cas au xiii<sup>e<\/sup> si\u00e8cle et dans 560 affaires au xiv<sup>e<\/sup> si\u00e8cle. Pour finir, elle indique la fonction des interm\u00e9diaires dans le processus de supplication pour 50 p\u00e9titions du xiii<sup>e<\/sup> si\u00e8cle et 100 du xiv<sup>e<\/sup> si\u00e8cle. Ces renseignements s\u2019av\u00e8rent parfois lacunaires, car les acteurs peuvent \u00eatre mal connus ou incorrectement r\u00e9f\u00e9renc\u00e9s. Ils nous permettent toutefois d\u2019\u00e9baucher une base prosopographique des interlocuteurs aupr\u00e8s de la Chancellerie pontificale. <\/p>\n\n\n\n<p> L\u2019infirmit\u00e9 des suppliants et la gr\u00e2ce octroy\u00e9e par les papes ont \u00e9galement \u00e9t\u00e9 r\u00e9pertori\u00e9es et classifi\u00e9es en fonction de leur nature et de leurs causes, dans la mesure du possible. Chaque imp\u00e9trant est caract\u00e9ris\u00e9 selon le type d\u2019incapacit\u00e9 dont il souffre et ses effets (colonne&nbsp;4 \u2013 haut), ainsi que par sa demande et ce qu\u2019il obtient de la Chancellerie (colonne&nbsp;4 \u2013 bas). Il semble en effet \u00e9vident que les cons\u00e9quences de l\u2019invalidit\u00e9 changent selon la fonction de la personne et de ses infirmit\u00e9s physiques ou mentales. Ces renseignements s\u2019av\u00e8rent pr\u00e9cieux dans l\u2019optique d\u2019un traitement statistique des sujets infirmes, mais \u00e9galement dans celui qualitatif des pratiques de la gr\u00e2ce pontificale.<\/p>\n\n\n\n<div class=\"wp-block-file\"><a href=\"https:\/\/ninondubourg.com\/wp-content\/uploads\/2019\/03\/L\u00e9gende-BDD-1.pdf\" target=\"_blank\" rel=\"noreferrer noopener\">L\u00e9gende BDD<\/a><\/div>\n\n\n\n<div class=\"wp-block-file\"><a href=\"https:\/\/ninondubourg.com\/wp-content\/uploads\/2019\/03\/BDD-Lettres-12-13-14\u00e8-si\u00e8cles.pdf\" target=\"_blank\" rel=\"noreferrer noopener\">BDD Lettres 12-13-14\u00e8 si\u00e8cles<\/a><\/div>\n\n\n\n<div class=\"wp-block-file\"><a href=\"https:\/\/ninondubourg.com\/wp-content\/uploads\/2019\/03\/BDD-Suppliques-14\u00e8-si\u00e8cle.pdf\" target=\"_blank\" rel=\"noreferrer noopener\">BDD Suppliques 14\u00e8 si\u00e8cle<\/a><\/div>\n\n\n","protected":false},"excerpt":{"rendered":"<p>L\u2019ensemble des suppliques et des lettres pontificales prises en compte dans cette \u00e9tude a \u00e9t\u00e9 compil\u00e9 dans une base de donn\u00e9es r\u00e9alis\u00e9e par tableur. Cette derni\u00e8re permet de concentrer toutes les connaissances livr\u00e9es par les missives et peut \u00eatre utilis\u00e9e pour les analyses quantitatives (par un traitement statistique) et qualitatives (par la compilation de toutes &hellip; <\/p>\n<p class=\"link-more\"><a href=\"https:\/\/ninondubourg.com\/index.php\/data-base\/\" class=\"more-link\">Continue reading<span class=\"screen-reader-text\"> &#8220;Data Base&#8221;<\/span><\/a><\/p>\n","protected":false},"author":1,"featured_media":67,"parent":0,"menu_order":0,"comment_status":"open","ping_status":"closed","template":"","meta":{"footnotes":""},"class_list":["post-64","page","type-page","status-publish","has-post-thumbnail","hentry"],"_links":{"self":[{"href":"https:\/\/ninondubourg.com\/index.php\/wp-json\/wp\/v2\/pages\/64","targetHints":{"allow":["GET"]}}],"collection":[{"href":"https:\/\/ninondubourg.com\/index.php\/wp-json\/wp\/v2\/pages"}],"about":[{"href":"https:\/\/ninondubourg.com\/index.php\/wp-json\/wp\/v2\/types\/page"}],"author":[{"embeddable":true,"href":"https:\/\/ninondubourg.com\/index.php\/wp-json\/wp\/v2\/users\/1"}],"replies":[{"embeddable":true,"href":"https:\/\/ninondubourg.com\/index.php\/wp-json\/wp\/v2\/comments?post=64"}],"version-history":[{"count":6,"href":"https:\/\/ninondubourg.com\/index.php\/wp-json\/wp\/v2\/pages\/64\/revisions"}],"predecessor-version":[{"id":77,"href":"https:\/\/ninondubourg.com\/index.php\/wp-json\/wp\/v2\/pages\/64\/revisions\/77"}],"wp:featuredmedia":[{"embeddable":true,"href":"https:\/\/ninondubourg.com\/index.php\/wp-json\/wp\/v2\/media\/67"}],"wp:attachment":[{"href":"https:\/\/ninondubourg.com\/index.php\/wp-json\/wp\/v2\/media?parent=64"}],"curies":[{"name":"wp","href":"https:\/\/api.w.org\/{rel}","templated":true}]}}