{"id":335,"date":"2021-04-20T15:21:04","date_gmt":"2021-04-20T13:21:04","guid":{"rendered":"http:\/\/ninondubourg.com\/?page_id=335"},"modified":"2021-04-20T15:22:32","modified_gmt":"2021-04-20T13:22:32","slug":"handicap-on-menestrel","status":"publish","type":"page","link":"https:\/\/ninondubourg.com\/index.php\/handicap-on-menestrel\/","title":{"rendered":"&#8220;Handicap&#8221; on Menestrel"},"content":{"rendered":"\n<p>La rubrique &#8220;handicap&#8221; a comme objectif d\u2019inviter les historiens \u00e0 contextualiser l\u2019existence des personnes handicap\u00e9es dans une histoire plus large. Dans celle-ci, le handicap n\u2019est pas n\u00e9cessairement un obstacle \u00e0 la vie en communaut\u00e9, mais peut au contraire \u00eatre accept\u00e9 et g\u00e9r\u00e9 de mani\u00e8re appropri\u00e9e par des ajustements soci\u00e9taux. La fr\u00e9quence des repr\u00e9sentations de personnes en situation de handicap dans les temps m\u00e9di\u00e9vaux, qu\u2019elles soient picturales ou textuelles, positives ou n\u00e9gatives, r\u00e9v\u00e8le l\u2019int\u00e9gration des personnes handicap\u00e9es dans le tissu social. L\u2019historien doit consid\u00e9rer que le handicap est une question fondamentale exp\u00e9riment\u00e9e par les personnes de tout temps et, qu\u2019elle qu\u2019en soit la mesure, toujours prise en charge par les communaut\u00e9s et\/ou les institutions, indiquant clairement que les personnes handicap\u00e9es ont connu les m\u00eames difficult\u00e9s, mais qu\u2019elles ont \u00e9galement eu les m\u00eames possibilit\u00e9s \u00e0 travers l\u2019histoire qu\u2019aujourd\u2019hui.<\/p>\n\n\n\n<blockquote class=\"wp-block-quote has-text-align-center is-layout-flow wp-block-quote-is-layout-flow\"><p><a href=\"http:\/\/www.menestrel.fr\/?-Handicap-&amp;lang=fr\">http:\/\/www.menestrel.fr\/?-Handicap-&amp;lang=fr<\/a><\/p><\/blockquote>\n","protected":false},"excerpt":{"rendered":"<p>La rubrique &#8220;handicap&#8221; a comme objectif d\u2019inviter les historiens \u00e0 contextualiser l\u2019existence des personnes handicap\u00e9es dans une histoire plus large. Dans celle-ci, le handicap n\u2019est pas n\u00e9cessairement un obstacle \u00e0 la vie en communaut\u00e9, mais peut au contraire \u00eatre accept\u00e9 et g\u00e9r\u00e9 de mani\u00e8re appropri\u00e9e par des ajustements soci\u00e9taux. La fr\u00e9quence des repr\u00e9sentations de personnes &hellip; <\/p>\n<p class=\"link-more\"><a href=\"https:\/\/ninondubourg.com\/index.php\/handicap-on-menestrel\/\" class=\"more-link\">Continue reading<span class=\"screen-reader-text\"> &#8220;&#8220;Handicap&#8221; on Menestrel&#8221;<\/span><\/a><\/p>\n","protected":false},"author":1,"featured_media":0,"parent":0,"menu_order":0,"comment_status":"closed","ping_status":"closed","template":"","meta":{"footnotes":""},"class_list":["post-335","page","type-page","status-publish","hentry"],"_links":{"self":[{"href":"https:\/\/ninondubourg.com\/index.php\/wp-json\/wp\/v2\/pages\/335","targetHints":{"allow":["GET"]}}],"collection":[{"href":"https:\/\/ninondubourg.com\/index.php\/wp-json\/wp\/v2\/pages"}],"about":[{"href":"https:\/\/ninondubourg.com\/index.php\/wp-json\/wp\/v2\/types\/page"}],"author":[{"embeddable":true,"href":"https:\/\/ninondubourg.com\/index.php\/wp-json\/wp\/v2\/users\/1"}],"replies":[{"embeddable":true,"href":"https:\/\/ninondubourg.com\/index.php\/wp-json\/wp\/v2\/comments?post=335"}],"version-history":[{"count":3,"href":"https:\/\/ninondubourg.com\/index.php\/wp-json\/wp\/v2\/pages\/335\/revisions"}],"predecessor-version":[{"id":339,"href":"https:\/\/ninondubourg.com\/index.php\/wp-json\/wp\/v2\/pages\/335\/revisions\/339"}],"wp:attachment":[{"href":"https:\/\/ninondubourg.com\/index.php\/wp-json\/wp\/v2\/media?parent=335"}],"curies":[{"name":"wp","href":"https:\/\/api.w.org\/{rel}","templated":true}]}}