{"id":281,"date":"2020-02-16T16:54:53","date_gmt":"2020-02-16T15:54:53","guid":{"rendered":"http:\/\/ninondubourg.com\/?page_id=281"},"modified":"2023-08-17T11:39:48","modified_gmt":"2023-08-17T09:39:48","slug":"oral-contributions","status":"publish","type":"page","link":"https:\/\/ninondubourg.com\/index.php\/oral-contributions\/","title":{"rendered":"Oral interventions"},"content":{"rendered":"\n<h2 class=\"wp-block-heading\">&nbsp;&nbsp;&nbsp;&nbsp;&nbsp;Communications at international symposia<\/h2>\n\n\n\n<ol class=\"wp-block-list\" type=\"1\">\n<li>\u201cAgeing in Li\u00e8ge: networks of institutional care on a city scale\u201d, 4-7 July 2021, <em>International Medieval Congress of Leeds<\/em>, University of Leeds; <\/li>\n\n\n\n<li>\u201c\u2018<em>Morte a ce monde<\/em>\u2019, living in the leprosarium of Cornillon (Li\u00e8ge) in the 15th century\u201d, <em>ALTER 11<sup>th<\/sup> International Conference<\/em>, \u201cProtection, autonomy, emancipation\u201d, 29<sup>th<\/sup>-30<sup>th<\/sup> June 2023, Aubervilliers;<\/li>\n\n\n\n<li>\u201cL\u2019expertise m\u00e9dicale au service de l\u2019\u00e9valuation des dommages corporels par la chancellerie apostolique pendant la p\u00e9riode avignonnaise (1309-1378)\u201d, International conference: Pouvoir et sant\u00e9 entre Moyen \u00c2ge et Temps modernes, 4-6 May 2023, Catholic University of Louvain la Neuve, Belgium;<\/li>\n\n\n\n<li>\u00ab\u00a0Ageing During the 15<sup>th<\/sup> Century: At the Intersection of Gender and Ability Gender bias in the requested hygienic accommodations from the Apostolic Penitentiary by elderly monks and nuns\u00a0\u00bb, <em>Gender and Medieval Studies<\/em>, 11-13 January 2023, University College London, London ;<\/li>\n\n\n\n<li>\u201cThe \u2018blind\u2019, the \u2018deaf\u201d and the \u2018dumb\u2019. Liturgical practices of sensory and mentally disabled people\u201d, International conference <em>The Role of the Senses in Medieval Liturgies and Rituals<\/em>, September 21-23 2022, University of Padua, Italy;<\/li>\n\n\n\n<li>\u201cJe\u00fbne et p\u00e9nurie d\u2019huile d\u2019olive dans les r\u00e9gions froides au XVe si\u00e8cle. Sant\u00e9 et salut par la gr\u00e2ce de la P\u00e9nitencerie Apostolique\u201d, International conference organised by the Soci\u00e9t\u00e9 Suisse d\u2019Histoire Rurale on <em>Sant\u00e9 des corps, salut des \u00e2mes: soins et religion en milieu rural<\/em>, September 1-3 2022, Universit\u00e9 de Lausanne, Swizterland;<\/li>\n\n\n\n<li>\u201cDisabled Old Women against Romance: the depictions of &#8220;La Vieille&#8221;, Frontier of Love in Le roman de la Rose\u201d, panel \u201cThe Borders of Disability and Ability, Ill-Health and Health II\u201d, 4-7 July 2022, <em>International Medieval Congress of Leeds<\/em>, Leeds;<\/li>\n\n\n\n<li>\u201cThe ambivalence of old age confronted with practical sources: the cases of elderly regular clerics facing the pontifical institution\u201d, panel \u201cAge in Monastic Life\u201d, May 9-14, 2022, <em>57th International Congress on Medieval Studies<\/em>, Kalamazoo;<\/li>\n\n\n\n<li>\u201c\u2019Secundum assertionem et consilium medicorum\u2019 \u2013 Petitioners as patients in front of the Apostolic Chancery (Avignon Period, 1309-1378)\u201d, conference <em>The Maladies, Miracles and Medicine of the Middle Ages III \u2018Patients, Prayers and Pilgrims\u2019<\/em>, 1 April 2022, The Graduate Centre for Medieval Studies, University of Reading;<\/li>\n\n\n\n<li>\u201cGender, old age, disability and religiosity. The intersectionality invoked by petitioners to contravene Christian prescriptions\u201d, panel \u201cGrowing Old in the Middle Ages: A Gendered Perspective I \u2013 Social Practices\u201d, 6-9 July 2021, <em>International Medieval Congress of Leeds<\/em>, Leeds;<\/li>\n\n\n\n<li>\u201cDisabling Consequences of Illnesses on Clerics\u2019 Recruitment in 1459, (Re-)Inclusion of Disabled People within the Church by Pius II\u201d, Virtual conference &#8216;Reconsidering Illness and Recovery in the Early Modern World&#8217;, Funded by the Durham University Centre for Academic Development, 18-19 August 2020, Online;<\/li>\n\n\n\n<li>\u201cReligiosity and Disability in the Papal Letters (13<sup>th<\/sup> and 14<sup>th<\/sup> centuries)\u201d, <em>Experiences of Dis\/ability from the Late Middle Ages to the Mid-Twentieth Century Conference<\/em>, 21-23 august 2019, Tampere University, Tampere;<\/li>\n\n\n\n<li>\u201cThe Canon Law\u2019s Category of the <em>Defectus Corporis<\/em> and Scandal\u201d, panel \u201c&#8217;<em>Deformis formositas ac formosa deformitas<\/em>&#8216; II: Materializing Ugliness and Deformity in the Middle Ages\u201d, 2-4 July 2019, <em>International Medieval Congress of Leeds<\/em>, Leeds;<\/li>\n\n\n\n<li>\u201c<em>Sicut Domino placuit ortus fuisti<\/em>, disabled children\u2019s births according to the Papal Chancery during the 13<sup>th<\/sup> century\u201d, \u201cDeviance: Aspects &amp; Approaches\u201d, <em>Fifteenth Oxford Medieval Graduate Conference<\/em>, 5-6 April 2019, University of Oxford, Oxford;<\/li>\n\n\n\n<li>\u201cMarginalization on the Margins? Historical Perspectives on the Representations of Physical Disability in some Medieval Manuscript\u2019s margins\u201d, <em>Permeable Bodies in Medieval and Early Modern Visual Culture<\/em>, 5-6 october 2018, University College of London, London;<\/li>\n\n\n\n<li>\u201cLes <em>disability studies<\/em> et la discipline historique: la <em>disability history<\/em>, \u00e9tat des lieux international et perspectives fran\u00e7aises\u201d, panel \u201cComprendre les disability studies: une perspective crois\u00e9e\u201d, <em>Les d\u00e9signations disciplinaires et leurs contenus: le paradigme des studies<\/em>, 18-20 January 2017, Universit\u00e9 Paris 13, Paris;<\/li>\n\n\n\n<li>\u201cExp\u00e9riences sociales dans un contexte institutionnel: Le latin utilis\u00e9 par les clercs fran\u00e7ais pour d\u00e9crire le handicap\u201d, panel \u201cPre-modern Disabilities: Ambiguous Bodies, Texts, and Meanings\u201d, <em>Society for French Studies 57th Annual Conference<\/em>, 27-29 June 2016, Glasgow;<\/li>\n\n\n\n<li>\u201cL\u2019incapacit\u00e9 dans les lettres de dispenses pontificales: aller \u00e0 l\u2019encontre de la r\u00e9glementation eccl\u00e9siastique m\u00e9di\u00e9vale pour franchir la cl\u00f4ture\u201d, <em>L\u2019exception et la R\u00e8gle, les pratiques d\u2019entr\u00e9e et de sortie des couvents, de la fin du Moyen \u00c2ge au XIX<sup>e<\/sup> si\u00e8cle<\/em>, 26-27 November 2015, Limoges;<\/li>\n\n\n\n<li>\u201cBeing a Leprous Cleric: In\/ability to Hold a Benefice\u201d, conference <em>Disease, Disability &amp; Medicine in Medieval Europe 8th Annual Meeting<\/em>, <em>Infection and Long-term Sickness<\/em>, 6-7 December 2014, Nottingham Highfield House, Nottingham.<\/li>\n<\/ol>\n\n\n\n<h2 class=\"wp-block-heading\">Discussions at international symposia<\/h2>\n\n\n\n<ol class=\"wp-block-list\" type=\"1\">\n<li>Moderation of the panel \u201cThe Borders of Disability and Ability, Ill-Health and Health\u201d III, 6-9 July 2022, <em>International Medieval Congress of Leeds<\/em>, Leeds;<\/li>\n\n\n\n<li>Discussion during the seminar \u201cSant\u00e9s \/ M\u00e9decines du point de vue des Sciences Humaines\u201d, 26 January 2022, University of Paris, Paris;<\/li>\n\n\n\n<li>Moderation of the panel <em>Miracles and Metaphors<\/em>, Conference <em>Disease, Disability &amp; Medicine in Medieval Europe 10th Annual Meeting<\/em>, <em>Disability and religion<\/em>, 2-4 December 2016, Swansea University, National Waterfront Museum.<\/li>\n<\/ol>\n\n\n\n<h2 class=\"wp-block-heading\">Interventions during seminars<\/h2>\n\n\n\n<ol class=\"wp-block-list\">\n<li>\u00ab&nbsp;La longue histoire des pr\u00eatres catholiques en situation de handicap&nbsp;\u00bb, s\u00e9minaire Construire une histoire du handicap et de la surdit\u00e9 au travers des si\u00e8cles coordonn\u00e9 par Fabrice Bertin, Gildas Br\u00e9gain et Ninon Dubourg,&nbsp;21 mars 2023, EHESS, Paris ;<\/li>\n\n\n\n<li>\u00ab&nbsp;Handicaps et Religion \u00e0 la fin de l\u2019\u00e9poque m\u00e9di\u00e9vale, Donner et recevoir les sacrements lorsqu\u2019on est handicap\u00e9&nbsp;\u00bb, s\u00e9minaire pour l\u2019Institut des Hautes Etudes de Belgique coordonn\u00e9 par Alexis Wilkin, 27 f\u00e9vrier 2023, Universit\u00e9 Libre de Bruxelles ;<\/li>\n\n\n\n<li>\u201cDisability history\u201d, Seminar for Master students organised by Eric Geerkens, \u201cD\u00e9bats historiographiques contemporains\u201d (Contemporary historiographical debates), 2 May 2022 and 8 May 2023, University of Li\u00e8ge;<\/li>\n\n\n\n<li>\u201cHandicap et pratiques religieuses: d\u00e9votion priv\u00e9e et exp\u00e9riences communes\u201d (Disability and religious practices: private devotion and shared experiences), Seminar organised by V\u00e9ronique Beaulande-Barraud, \u201cExclusion et communaut\u00e9 au Moyen \u00c2ge\u201d (Exclusion and community in the Middle Ages), 27 April 2022, University Grenoble Alpes;<\/li>\n\n\n\n<li>With Megan Kateb \u00ab&nbsp;Autour de la publication de l\u2019article <em>T\u00e9moignages m\u00e9di\u00e9vaux de la privation des sens Empreintes mat\u00e9rielles de la c\u00e9cit\u00e9 et de la mutit\u00e9 \u00e0 l\u2019\u00e9poque m\u00e9di\u00e9vale<\/em>&nbsp;\u00bb, s\u00e9minaire organis\u00e9 par Fabrice Bertin, Gildas Br\u00e9gain et Ninon Dubourg, \u00ab&nbsp;Construire une histoire du handicap et de la surdit\u00e9 au travers des si\u00e8cles&nbsp;\u00bb, 5 avril 2022, EHESS Paris ;<\/li>\n\n\n\n<li>\u201cReligious experiences of older women during the Late Middle Ages \u2013 How elderly women are involved in Christian practices and conventual life\u201d, Seminar organized by Laura Cayrol Bernardo, \u201cgender and Ageing\u201d, 17 February 2022, University of Bergen;<\/li>\n\n\n\n<li>\u201cDiscussions autour de la notion de handicap en histoire, en sociologie et en antrhopologie\u201d (Discussions on the notion of disability in history, sociology and anthropology), Seminar organized by Mathilde Martinais and Marie Potvain, \u201cSant\u00e9 et m\u00e9decine du point de vue des sciences humaines\u201d, 26 January 2022, University of Paris;<\/li>\n\n\n\n<li>\u201cDiscussion et d\u00e9bats\u201d, Seminar \u201cConstruire une histoire du handicap et de la surdit\u00e9 au travers des si\u00e8cles\u201d (Building a history of disability and deafness through the centuries) (EHESS UE899), with Fabrice Bertin (Paris, EHESS) and Gildas Br\u00e9gain (Rennes, CNRS), 2 November 2021, EHESS Paris;<\/li>\n\n\n\n<li>\u201cIntroduction\u201d Seminar \u201cConstruire une histoire du handicap et de la surdit\u00e9 au travers des si\u00e8cles\u201d (Building a history of disability and deafness through the centuries) (EHESS UE899), with Fabrice Bertin (Paris, EHESS) and Gildas Br\u00e9gain (Rennes, CNRS), 7 April 2021, online (EHESS, University of Paris, University of Rennes, ALTER association);<\/li>\n\n\n\n<li>\u201cL\u2019expertise m\u00e9dicale l\u00e9gale dans l\u2019\u00e9valuation des dommages corporels et mentaux par la chancellerie apostolique durant la p\u00e9riode Avignonaise (1309-1378)\u201d (Legal medical expertise in the evaluation of physical and mental damages by the apostolic chancellery during the Avignon period (1309-1378)), Seminar organized by Jean-Fran\u00e7ois Ravaud \u201cJeunes chercheur.euse.s Handicap(s) et Soci\u00e9t\u00e9s\u201d, 3 March 2021, EHESS Paris;<\/li>\n\n\n\n<li>\u201cIn\/capables d\u2019assurer le service divin? Les requ\u00eates des pr\u00eatres handicap\u00e9s aupr\u00e8s de la chancellerie pontificale (13e-14e si\u00e8cles)\u201d (Unable to perform divine service? The requests of disabled priests to the papal chancery (13th-14th centuries)), Seminar organized by B\u00e9atrice Delaurenti, Charles de Miramon and Pierre Monnet, \u201cHistoire intellectuelle et sociale du Moyen \u00c2ge\u201d, 29 January 2020, EHESS Paris;<\/li>\n\n\n\n<li>\u201cLa pertinence de l\u2019utilisation du concept de \u201chandicap\u201d dans les \u00e9tudes historiques\u201d (The relevance of using the concept of &#8220;disability&#8221; in historical studies), Seminar organized by Jean-Fran\u00e7ois Ravaud, \u201cJeunes chercheur.euse.s Handicap(s) et Soci\u00e9t\u00e9s\u201d, 22 March 2016, EHESS Paris;<\/li>\n\n\n\n<li>\u201cBilan historiographique sur le handicap et les infirmit\u00e9s au Moyen \u00c2ge\u201d (Historiographic review of disability and infirmity in the Middle Ages), seminar organized by Didier Lett, <em>Famille, parent\u00e9 et genre au Moyen \u00c2ge (xii<sup>e<\/sup>-xv<sup>e<\/sup> si\u00e8cles)<\/em>, 7 December 2015, Universit\u00e9 Paris Diderot;<\/li>\n\n\n\n<li>\u201cLe corps mutil\u00e9, vieillissant ou malade comme cr\u00e9ateur d\u2019identit\u00e9. Au croisement de trois notions: corporalit\u00e9, individualit\u00e9 et handicap\u201d (The mutilated, aging or sick body as a creator of identity. At the crossroads of three notions: corporality, individuality and handicap), thematic and methodological seminar <em>Questions de corps <\/em>coordinated by Florence Gherchanoc, 16 October 2014, Universit\u00e9 Paris Diderot;<\/li>\n\n\n\n<li>\u201cLa masculinit\u00e9 des clercs\u201d (Cleric Masculinity), seminar organised by Didier Lett, <em>Famille, parent\u00e9 et genre au Moyen \u00c2ge (xii<sup>e<\/sup>-xv<sup>e<\/sup> si\u00e8cles)<\/em>, 26 November 2013, Universit\u00e9 Paris Diderot.<\/li>\n<\/ol>\n\n\n\n<h2 class=\"wp-block-heading\">Interventions during workshops<\/h2>\n\n\n\n<ol class=\"wp-block-list\" type=\"1\">\n<li>\u201c\u2018The collective <em>Butterbriefe<\/em> and the Apostolic Penitentiary (1455-1521)\u201d, workshop organized by Emily Corran, Arnaud Fossier, \u201cPenitential Hierarchies in the later Middle Ages\u201d, Institut d\u2019\u00c9tudes Avanc\u00e9es de Paris, 30th March 2023.<\/li>\n\n\n\n<li>&nbsp;<a>\u201c<\/a>&#8216;The Literary and Illuminated Depictions of &#8220;La Vieille&#8221; &#8211; A Disabled Old Women&nbsp;as a \u201cnarrative prosthesis\u201d&#8217;, CHSTM working group \u201cMedieval European Medical Manuscripts, November 17, 2022.<\/li>\n\n\n\n<li>&#8220;In\/capables d\u2019assurer le service divin? Les requ\u00eates des pr\u00eatres handicap\u00e9s aupr\u00e8s de la chancellerie pontificale (13e-14e si\u00e8cles)&#8221;, <em>Journ\u00e9es Jeunes Chercheurs en histoire des sciences et des techniques 2020<\/em>, Organised by the SFHST, the SHESVIE, the SFHSH, the CoFrHiGeo, the GHC, the SACDHTE and the GDR \u00ab Histoire des math\u00e9matiques \u00bb, 27 November 2020.<\/li>\n\n\n\n<li>&#8220;La reconnaissance de la condition de personne infirme par la chancellerie pontificale (XIIe-XIVe s.), pr\u00e9sentation des travaux de recherche doctorale&#8221;, workshop organised by Carole Avignon (ANR Fil_IAM) <em>Corps emp\u00each\u00e9s<\/em>, first session on &#8220;Dialogue m\u00e9thodologique autour des disability studies: Approches m\u00e9di\u00e9vistiques&#8221;, University of Angers, 10 November 2020.<\/li>\n\n\n\n<li>&#8220;Les disability studies aujourd\u2019hui, tour d\u2019horizon des lieux et des objets de recherche en SHS&#8221;, workshop organised by Carole Avignon (ANR Fil_IAM) <em>Corps emp\u00each\u00e9s<\/em>, first session on &#8220;Dialogue m\u00e9thodologique autour des disability studies: Approches m\u00e9di\u00e9vistiques&#8221;, University of Angers, 10 November 2020.<\/li>\n\n\n\n<li>\u201cApproches de la construction identitaire cl\u00e9ricale par l\u2019\u00e9masculation: entre d\u00e9sirs coupables ou consomm\u00e9s et incapacit\u00e9 canonique (xiie-xive si\u00e8cles)\u201d, organised by the GRER\/SAGEF\/PEFH, <em>Genre, \u2018race\u2019 et handicap, Vivre ensemble dans la sph\u00e8re publique<\/em>, Universit\u00e9 Paris Diderot, 10 March 2017;<\/li>\n\n\n\n<li>\u201cAux origines du handicap m\u00e9di\u00e9val dans les lettres de dispense pontificales (xiiie-xive&nbsp;si\u00e8cles)\u201d, 9\u00e8 rencontres doctorales de Paris-Diderot <em>Origine\/Origines<\/em>, 9-10 June 2016, Universit\u00e9 Paris Diderot;<\/li>\n\n\n\n<li>\u201cTrois itin\u00e9raires pour aborder l\u2019identit\u00e9 du clerc \u00e9mascul\u00e9 (xiii<sup>e<\/sup>-xv<sup>e<\/sup> si\u00e8cle)\u201d, organised by Encyclo, Revue de l\u2019ED 382, <em>Itin\u00e9raires singuliers, identit\u00e9s plurielles<\/em>, 22 February 2013, Universit\u00e9 Paris Diderot.<\/li>\n<\/ol>\n\n\n<p><!--EndFragment--><\/p>\n\n\n<p><\/p>\n","protected":false},"excerpt":{"rendered":"<p>&nbsp;&nbsp;&nbsp;&nbsp;&nbsp;Communications at international symposia Discussions at international symposia Interventions during seminars Interventions during workshops<\/p>\n","protected":false},"author":1,"featured_media":358,"parent":0,"menu_order":0,"comment_status":"closed","ping_status":"closed","template":"","meta":{"footnotes":""},"class_list":["post-281","page","type-page","status-publish","has-post-thumbnail","hentry"],"_links":{"self":[{"href":"https:\/\/ninondubourg.com\/index.php\/wp-json\/wp\/v2\/pages\/281","targetHints":{"allow":["GET"]}}],"collection":[{"href":"https:\/\/ninondubourg.com\/index.php\/wp-json\/wp\/v2\/pages"}],"about":[{"href":"https:\/\/ninondubourg.com\/index.php\/wp-json\/wp\/v2\/types\/page"}],"author":[{"embeddable":true,"href":"https:\/\/ninondubourg.com\/index.php\/wp-json\/wp\/v2\/users\/1"}],"replies":[{"embeddable":true,"href":"https:\/\/ninondubourg.com\/index.php\/wp-json\/wp\/v2\/comments?post=281"}],"version-history":[{"count":15,"href":"https:\/\/ninondubourg.com\/index.php\/wp-json\/wp\/v2\/pages\/281\/revisions"}],"predecessor-version":[{"id":449,"href":"https:\/\/ninondubourg.com\/index.php\/wp-json\/wp\/v2\/pages\/281\/revisions\/449"}],"wp:featuredmedia":[{"embeddable":true,"href":"https:\/\/ninondubourg.com\/index.php\/wp-json\/wp\/v2\/media\/358"}],"wp:attachment":[{"href":"https:\/\/ninondubourg.com\/index.php\/wp-json\/wp\/v2\/media?parent=281"}],"curies":[{"name":"wp","href":"https:\/\/api.w.org\/{rel}","templated":true}]}}