{"id":277,"date":"2020-02-16T16:54:26","date_gmt":"2020-02-16T15:54:26","guid":{"rendered":"http:\/\/ninondubourg.com\/?page_id=277"},"modified":"2023-08-17T11:25:05","modified_gmt":"2023-08-17T09:25:05","slug":"publications","status":"publish","type":"page","link":"https:\/\/ninondubourg.com\/index.php\/publications\/","title":{"rendered":"Publications"},"content":{"rendered":"\n<h2 class=\"wp-block-heading\"><a>Books, as an author or an editor<\/a><\/h2>\n\n\n\n<ol class=\"wp-block-list\" type=\"1\">\n<li>Ninon Dubourg, <em>Disabled Clerics in the Late Middle Ages, Un\/suitable for divine service?<\/em>, Amsterdam University Press, 2023 (<a href=\"https:\/\/assets.ctfassets.net\/4wrp2um278k7\/1bs4cbp78jMXPj4KPZpheq\/9a841cf08c82eff5620d84bfeb447f54\/TOC_Intro__9789048554324.pdf\">introduction in open access<\/a>).<\/li>\n\n\n\n<li>Ninon Dubourg and Wendy Turner (eds.), <em>A Cultural History of Madness \u2013 Volume on the Middle Ages<\/em>, Bloomsbury (contract already signed with Bloomsbury, <strong>forthcoming 2024<\/strong>).<\/li>\n\n\n\n<li>Ninon Dubourg and Christophe Masson (eds.), <em>Disability and War<\/em>, Arc Humanity Press (contract to be issued in June 2023, <strong>forthcoming 2025<\/strong>).<\/li>\n\n\n\n<li>Gildas Br\u00e9gain and Ninon Dubourg (eds.), <em>Pour une nouvelle histoire du handicap<\/em>, Presses Universitaires de Rennes (manuscript will be sent to the editor in December 2023, <strong>forthcoming 2025<\/strong>).<\/li>\n<\/ol>\n\n\n\n<h2 class=\"wp-block-heading\"><a>Edition of journal issues<\/a><\/h2>\n\n\n\n<div class=\"wp-block-group\"><div class=\"wp-block-group__inner-container is-layout-constrained wp-block-group-is-layout-constrained\">\n<ol class=\"wp-block-list\">\n<li>Ninon Dubourg and Adelheid Russenberg (eds.), <em>The Borders of Disability and Ability, Ill-Health and Health<\/em>, journal <em>Social History of Medicine<\/em>, Oxford Academic (approbation of the editors, <strong>forthcoming<\/strong>).<\/li>\n\n\n\n<li>with Maria Podzorova (eds), \u201cUtiliser l\u2019histoire: regards crois\u00e9s sur la discipline historique\u201d (Using History:\u00a0A cross-section of the historical discipline), <em>Encyclo<\/em><em>, Revue de l\u2019\u00c9cole doctorale ED 382<\/em>, 2018, n\u00b0\u00a09, Universit\u00e9 Sorbonne Paris Cit\u00e9, Paris (<a href=\"https:\/\/hal-univ-paris.archives-ouvertes.fr\/hal-01728728v2\">online<\/a>).<\/li>\n\n\n\n<li>with Delphine Pi\u00e9tu and Maria Podzorova (eds), \u201cHabiter: lieux de vie et fa\u00e7ons de vivre. Une approche pluridisciplinaire du quotidien\u201d (Living: places to live and ways to live. A multidisciplinary approach to everyday life), <em>Encyclo, Revue de l\u2019ED 382<\/em>, 2016, n\u00b0\u00a06, Universit\u00e9 Paris 7, Paris (<a href=\"https:\/\/hal.archives-ouvertes.fr\/hal-01299625\">online<\/a>).<\/li>\n<\/ol>\n<\/div><\/div>\n\n\n\n<h2 class=\"wp-block-heading\">\u00a0 <a>Journal articles (peer-reviewed)<\/a><\/h2>\n\n\n\n<ol class=\"wp-block-list\" type=\"1\">\n<li>Ninon Dubourg, \u201cDeformitas et c\u00e9l\u00e9bration de l\u2019eucharistie dans le droit canon medieval\u201d, in I. G. Mastrorosa, <em>Deformitas e diritto<\/em> (<strong>forthcoming 2023<\/strong>);<\/li>\n\n\n\n<li>(Ageing and Religious experiences during the Late Middle Ages \u2013 How elderly people were involved in everyday conventual life), in M. Comas-Via and A. Rosillo-Luque (eds.), <em>Quaderni di storia religiosa medieval<\/em> (<strong>forthcoming 2023<\/strong>);<\/li>\n\n\n\n<li>with Megan Katheb, \u201cT\u00e9moignages m\u00e9di\u00e9vaux de la privation des sens. Empreintes mat\u00e9rielles de la c\u00e9cit\u00e9 et de la mutit\u00e9 \u00e0 l\u2019\u00e9poque m\u00e9di\u00e9vale\u201d (Medieval evidence of sensory deprivation. Material traces of blindness and mute in the medieval period), in V. Delattre (ed.), <em>Les Nouvelles de l&#8217;arch\u00e9ologie<\/em>, n\u00b0165, September 2021, p. 62-67 (<a href=\"https:\/\/journals.openedition.org\/nda\/13063\">online<\/a>);<\/li>\n\n\n\n<li>\u201cPosition de th\u00e8se\u201d (Thesis position), <em>Alter, European Society for Disability Research<\/em>, Vol. 14-3, Sept. 2020, pp. 226-235 (<a href=\"https:\/\/www.em-consulte.com\/article\/1349756\/&nbsp;ad-obsequium-divinum-inhabilem&nbsp;-la-reconnaissance\">online<\/a><a href=\"https:\/\/www.em-consulte.com\/article\/1349756\/&nbsp;ad-obsequium-divinum-inhabilem&nbsp;-la-reconnaissance\"> behind paywall<\/a>);<\/li>\n\n\n\n<li>\u201c\u00c9masculations cl\u00e9ricales, Itin\u00e9raires particuliers pour aborder l\u2019identit\u00e9 du clerc \u00e9mascul\u00e9 (xii<sup>e<\/sup>-xv<sup>e<\/sup> si\u00e8cle)\u201d (Clerical emasculations, Particular itineraries to approach the identity of the emasculated cleric (12e-15e c.)), in M.-L. Fieyre, \u201cItin\u00e9raires particuliers, identit\u00e9s singuli\u00e8res\u201d (particular itineraries, singular identities), <em>Encylo, Revue de l\u2019 ED 382,<\/em> 2014,n\u00b04, University Paris 7, Paris, p.&nbsp;89-101 (<a href=\"https:\/\/hal-univ-paris.archives-ouvertes.fr\/view\/index\/identifiant\/hal-01017745\">online<\/a>).<\/li>\n<\/ol>\n\n\n\n<h2 class=\"wp-block-heading\"><a>Handbook chapters (peer-reviewed)<\/a><\/h2>\n\n\n\n<ol class=\"wp-block-list\" type=\"1\">\n<li>Ninon Dubourg, \u201cDisability and religious practices\u201d, in C. Lee and J. Kuuliala, <em>The Routledge Handbook of Medieval Disability<\/em>, Routledge (<strong>forthcoming 2024<\/strong>);<\/li>\n\n\n\n<li>with Laura Cayrol Bernardo, \u201cOld Age and Medicine\u201d, in L. Laumonier and J. Rosenthal (eds.), <em>A Cultural History of Old Age<\/em>, Bloomsbury (<strong>forthcoming 2023<\/strong>);<\/li>\n\n\n\n<li>\u201cEuropean Medieval Disability History: An Overview\u201d, in <em>Handbook of Critical Disability Studies<\/em>, S. Scalenghe and G. Reaume, volume on Disability History, Springer Nature, 2022 <a>(<\/a><a href=\"https:\/\/link.springer.com\/referenceworkentry\/10.1007\/978-981-16-1278-7_2-1\">online<\/a>);<\/li>\n\n\n\n<li>\u201cBeing a Leprous Cleric: a social rejection? (xiii<sup>th<\/sup> and xiv<sup>th<\/sup> centuries)\u201d, in <em>Dis\/ability History der Vormoderne. Ein Handbuch \u2013 Premodern Dis\/ability History. A Companion<\/em>, C. Nolte, B. Frohne, U. Halle and S. Kerth (eds), Didymos, Affalterbach, 2017, p.&nbsp;272-273.<\/li>\n<\/ol>\n\n\n\n<h2 class=\"wp-block-heading\"><a>Book chapters (peer-reviewed)<\/a><\/h2>\n\n\n\n<ol class=\"wp-block-list\" type=\"1\">\n<li>\u201cThe \u2018Blind\u2019, the \u2018Deaf\u201d and the \u2018Dumb\u2019. Liturgical Practices of Sensory and Mentally Disabled People\u201d, in Z. Murat, S. Carre\u00f1o, and V. Baradel (eds.), <em>The Role of the Senses in Medieval Liturgies and Rituals<\/em>, Brepols (<strong>forthcoming 2024<\/strong>)<strong>;<\/strong><\/li>\n\n\n\n<li>\u201cFasting and the shortage of olive oil in the cold regions in the 15th century. Health and salvation through the grace of the Apostolic Penitentiary\u201d, in N. Dahn-Singh, M. Favre, G. Favrod and L. Rappo (eds.), <em>Sant\u00e9 des corps, salut des \u00e2mes: soins et religion en milieu rural<\/em>, Brepols (<strong>forthcoming 2024<\/strong>);<\/li>\n\n\n\n<li>\u201c<em>Expertis medicis videatur<\/em>: Legal Medical Expertise in the Assessment of Personal Injury Damages by the Apostolic Chancery during the Avignon Period (1309-1378)\u201d, in W. Turner, <em>Art of Illness<\/em>, Routledge (<strong>forthcoming 2023<\/strong>)<strong>;<\/strong><\/li>\n\n\n\n<li><strong>\u201c<\/strong>Un\/Acceptable Disability? <em>Defectus Corporis<\/em>, <em>Scandalum<\/em>, and Pontifical Grace\u201d, in <em>Materializing Ugliness and Deformity in the Middle Ages<\/em>, T. Artimon and A. Znorovszky (eds), Trivent Publishing, Budapest, (<strong>forthcoming 2023<\/strong>);<\/li>\n\n\n\n<li>\u201cL\u2019incapacit\u00e9 dans les lettres de dispenses pontificales: aller \u00e0 l\u2019encontre de la r\u00e9glementation eccl\u00e9siastique m\u00e9di\u00e9vale pour franchir la cl\u00f4ture\u201d (Incapacity in the pontifical letters: going against medieval ecclesiastical regulations to cross the enclosure), in A. Burkardt and A. Roger (eds.), <em>L\u2019exception et la R\u00e8gle, les pratiques d\u2019entr\u00e9e et de sortie des couvents, de la fin du Moyen \u00c2ge au XIX<sup>e<\/sup> si\u00e8cle<\/em>, Presse universitaire de Rennes, Rennes, 2022, p. 41-54 (<a href=\"https:\/\/books.openedition.org\/pur\/161052?lang=fr\">online<\/a>);<\/li>\n\n\n\n<li>\u201cClerical Leprosy and the Ecclesiastical Office: Dis\/Ability and Canon Law\u201d, in <em>New Approaches to Disease, Disability and Medicine in Medieval Europe<\/em>, coll. <em>Studies in Early Medicine<\/em>, E. Connelly and S. K\u00fcnzel (eds), Archaeopress, Oxford, 2018, p.\u00a062-77 (<a href=\"https:\/\/www.jstor.org\/stable\/j.ctv1nzfw4t?turn_away=true\">online<\/a>);<\/li>\n\n\n\n<li>\u201c<em>Deo iudicio percusset<\/em>, L\u2019id\u00e9e de contamination d\u2019apr\u00e8s les suppliques et les lettres pontificales\u201d (The idea of contamination according to the petitions and pontifical letters), in <em>Alter-habilitas.<\/em> <em>Perception of disability among people<\/em>, S. Carraro (ed), Alteritas, V\u00e9rone, 2018, p.&nbsp;89-114 (<a href=\"https:\/\/www.academia.edu\/36969143\/ALTER-HABILITAS_Percezione_della_disabilit\u00e0_nei_popoli_Perception_of_Disability_among_People_a_cura_di_edited_by\">online<\/a>);<\/li>\n\n\n\n<li>\u201cAux origines du handicap \u00e0 l\u2019\u00e9poque m\u00e9di\u00e9vale. Lectures d\u2019une source historique, les dispenses pontificales aux xiii<sup>e<\/sup> et xiv<sup>e<\/sup> si\u00e8cles\u201d (On the origins of disability in medieval times. Readings from a historical source, the pontifical letters from the 13-14 centuries), in <em>Travaux en cours<\/em>, 2017, n\u00b013, University Paris 7, Paris, p.\u00a0101-114 (<a href=\"https:\/\/www.academia.edu\/34231684\/_Aux_origines_du_handicap_\u00e0_l\u00e9poque_m\u00e9di\u00e9vale_Lectures_dune_source_historique_les_dispenses_pontificales_aux_xiiie_et_xive_si\u00e8cles_Travaux_en_cours_Actes_des_neuvi\u00e8mes_Rencontres_doctorales_Paris_Diderot_n_13_pp_101_114\">online<\/a>).<\/li>\n<\/ol>\n\n\n\n<p><\/p>\n\n\n\n<h2 class=\"wp-block-heading\"><strong><em>Book reviews<\/em><\/strong><\/h2>\n\n\n\n<p><strong>+ Critical notes and book reviews <\/strong>(for <em>Annales. Histoire, Sciences Sociales<\/em>&nbsp;; <em>Canadian Bulletin of Medical History<\/em>&nbsp;;<em> Revue d\u2019histoire eccl\u00e9siastique <\/em>; <em>Sehepunkte, Rezensionsjournal f\u00fcr die Geschichtswissenschaften<\/em>&nbsp;; <em>Le Moyen \u00c2ge, Revue d\u2019histoire et de philologie<\/em>&nbsp;; <em>Journal of the History of Medicine and Allied Sciences<\/em>&nbsp;<em>; Memini Travaux et documents<\/em>) (<strong>15+<\/strong>).<\/p>\n\n\n\n<p><strong>In the process of being published<\/strong><\/p>\n\n\n\n<ol class=\"wp-block-list\" type=\"1\">\n<li>Recension de Sari\u00a0Katajala-Peltomaa, Jenni\u00a0Kuuliala et Iona\u00a0McCleery(dir.),<em> A\u00a0Companion\u00a0to Medieval Miracle Collections<\/em>, Berlin-Boston, Brill, 2021, dans <em>Le Moyen \u00c2ge, Revue d\u2019histoire et de philologie<\/em>, De Boeck Sup\u00e9rieur\u00a0;<\/li>\n\n\n\n<li>Recension de Costanza&nbsp;Gislon Dopfel, Alessandra Foscati, Charles&nbsp;Burnett<em> <\/em>(dir.), <em>Pregnancy&nbsp;and Childbirth in the Premodern World<\/em>, Turnhout, Brepols, 2019, dans <em>Le Moyen \u00c2ge, Revue d\u2019histoire et de philologie<\/em>, De Boeck Sup\u00e9rieur&nbsp;;<\/li>\n\n\n\n<li>Recension de Benjamin&nbsp;Wheaton,&nbsp;<em>Suffering<\/em><em>,&nbsp;Not&nbsp;Power. <\/em><em>Atonement in the Middle Ages<\/em>, Bellingham (WA), Lexham Academic, 2022, dans <em>Le Moyen \u00c2ge, Revue d\u2019histoire et de philologie<\/em>, De Boeck Sup\u00e9rieur.<\/li>\n<\/ol>\n\n\n\n<p><\/p>\n\n\n\n<p><strong>Published<\/strong><\/p>\n\n\n\n<ol class=\"wp-block-list\">\n<li>Recension d\u2019Arnaud Fossier, <em>Le bureau des \u00e2mes &#8211; Ecritures et pratiques administratives de la P\u00e9nitencerie apostolique (XIIIe-XIVe si\u00e8cle)<\/em>, Ecole Fran\u00e7aise de Rome, Rome, 2018, dans <em>Annales. Histoire, Sciences Sociales\u00a0<\/em>(<a href=\"https:\/\/www.cairn.info\/revue-annales-2023-1-page-159.htm\">online<\/a>);<\/li>\n\n\n\n<li>Recension de Lisa Devriese (dir.), <em>The Body as a Mirror of the Soul : Physiognomy from Antiquity to the Renaissance<\/em>, Leuven University Press, 2021, dans la <em>Revue d\u2019histoire eccl\u00e9siastique, Louvain Journal of Church History<\/em>, Universit\u00e9 catholique de Louvain \u2013 la Katholieke Universiteit Leuven, Volume 117, issue 3-4, 2022, p. 795-797 (<a href=\"https:\/\/www.brepolsonline.net\/toc\/rhe\/2022\/117\/3-4\">En ligne<\/a>) ;<\/li>\n\n\n\n<li>Recension de Patrick Zutshi (dir.), <em>The Avignon Popes and Their Chancery. <\/em><em>Collected Essays<\/em>, Sismel, 2021, dans la <em>Revue d\u2019histoire eccl\u00e9siastique, Louvain Journal of Church History<\/em>, Universit\u00e9 catholique de Louvain \u2013 la Katholieke Universiteit Leuven, vol. 117\/1-2, 2022, p. 362-367&nbsp;(<a href=\"https:\/\/www.brepolsonline.net\/doi\/abs\/10.1484\/J.RHE.5.130695\">En ligne<\/a><a><\/a><a><\/a>)&nbsp;;<\/li>\n\n\n\n<li>Recension de Glenn D. Burger et Holly A. Crocker (dir.), <em>Medieval Affect, Feeling, and Emotion<\/em>, Cambridge, Cambridge University Press 2019 pour <em>Sehepunkte &#8211; Rezensionsjournal f\u00fcr die Geschichtswissenschaften<\/em> (<a href=\"http:\/\/www.sehepunkte.de\/2022\/09\/34503.html\">En ligne<\/a>) ;<\/li>\n\n\n\n<li>Recension de Donna Trembinski, <em>Illness and Authority. Disability in the Life and Lives of Francis of Assisi<\/em>, Toronto, University of Toronto Press, 2020\u201d, for the <em>Canadian Bulletin of Medical History<\/em>, University of Toronto Press, vol. 39\/1, avril 2022, p. 180-182 (<a href=\"https:\/\/utpjournals.press\/doi\/full\/10.3138\/cjhh.543-082021\">En ligne<\/a>) ;<\/li>\n\n\n\n<li>\u201creview of Jenny Kuuliala, <em>Saints, Infirmity, and Community in the Late Middle Ages<\/em>, Amsterdam, Amsterdam UP, 2020\u201d for the journal <em>Le Moyen \u00c2ge, Revue d\u2019histoire et de philologie<\/em>, De Boeck Sup\u00e9rieur, n\u00b0 2021\/3-4 (Tome CXXVII) (<a href=\"https:\/\/www.cairn.info\/revue-le-moyen-age-2021-3-page-681.htm\">online behind paywall<\/a>);<\/li>\n\n\n\n<li>\u201creview of Sara Ritchey and Sharon Strocchia (eds), <em>Gender, Health, and Healing, 1250-1550<\/em>, Amsterdam, Amsterdam University Press, 2020\u201d for the <em>Journal of the History of Medicine and Allied Sciences<\/em>, Oxford, Oxford University Press, n\u00b077-2, p. 247-249 (<a href=\"https:\/\/muse.jhu.edu\/article\/859368\/pdf\">online<\/a>);<\/li>\n\n\n\n<li>\u201creview of Glenn D. Burger and Holly A. Crocker (eds.), <em>Medieval Affect, Feeling, and Emotion<\/em>, Cambridge: Cambridge University Press, 2019\u201d for the online journal <em>Sehepunkte<\/em>, <em>Rezensionsjournal f\u00fcr die Geschichtswissenschaften<\/em> (<a href=\"http:\/\/www.sehepunkte.de\/2022\/09\/34503.html\">online<\/a>);<\/li>\n\n\n\n<li>\u201creview of Donna Trembinski, <em>Illness and Authority. Disability in the Life and Lives of Francis of Assisi<\/em>, Toronto, University of Toronto Press, 2020\u201d, for the <em>Canadian Bulletin of Medical History<\/em>, University of Toronto Press, vol. 39\/1, April 2022, p. 180-182 (<a href=\"https:\/\/utpjournals.press\/doi\/full\/10.3138\/cjhh.543-082021\">online<\/a>);<\/li>\n\n\n\n<li>\u201creview of Miri Rubin (ed.), <em>Modus Vivendi. Religious Reform and the Laity in Late Medieval Europe<\/em>, Viella historical research, 19, Roma, Viella, 2020\u201d for the <em>Revue d\u2019histoire eccl\u00e9siastique, Louvain Journal of Church History<\/em>, Universit\u00e9 catholique de Louvain \u2013 la Katholieke Universiteit Leuven, 2021, 116 (3-4), p. 980-983 (<a href=\"https:\/\/www.brepolsonline.net\/doi\/epdf\/10.1484\/J.RHE.5.128065\">online<\/a>);<\/li>\n\n\n\n<li>\u201creview of Florent Coste (ed), <em>L\u2019Inflammatorium p\u0153nitenti\u00e6. Le vice de l\u2019ac\u00e9die et les vertus de l\u2019imagination<\/em>, Gen\u00e8ve, Droz, 2019\u201d, for the <em>Revue d\u2019histoire eccl\u00e9siastique, Louvain Journal of Church History<\/em>, Universit\u00e9 catholique de Louvain \u2013 la Katholieke Universiteit Leuven, 2021, 116 (1-2), p. 459-461 (<a href=\"https:\/\/www.brepolsonline.net\/doi\/epdf\/10.1484\/J.RHE.5.125435\">online behind paywall<\/a>);<\/li>\n\n\n\n<li>\u201creview of Alain Froment, and Herv\u00e9 Guy (eds), <em>Arch\u00e9ologie de la sant\u00e9, anthropologie du soin<\/em>, Paris, La d\u00e9couverte, 2019\u201d, for the <em>Canadian Bulletin of Medical History<\/em>, University of Toronto Press, Vol. 37-2, 2020, p. 516-519 (<a href=\"https:\/\/muse.jhu.edu\/article\/766849\/summary\">online<\/a>);<\/li>\n\n\n\n<li>\u201creview of Jenny Kuuliala, <em>Childhood Disability and Social Integration in the Middle Ages: Constructions of Impairments in Thirteenth and Fourteenth\u2011Century Canonization Processes<\/em>, Turnhout, Brepols, 2016\u201d, for the journal <em>Le Moyen \u00c2ge, Revue d\u2019histoire et de philologie<\/em>, De Boeck Sup\u00e9rieur, 2020\/1 (Tome CXXVI), p. 194-197;<\/li>\n\n\n\n<li>\u201creview of Maud Ternon, <em>Juger les fous au Moyen \u00c2ge dans les tribunaux royaux en France: xiv<sup>e<\/sup>-xv<sup>e<\/sup> si\u00e8cles<\/em>, Paris, PUF, 2018\u201d, for the <em>Canadian Bulletin of Medical History<\/em>, University of Toronto Press, spring\/printemps 2019, Volume 36, Issue 1,&nbsp;p. 244-247 (<a href=\"https:\/\/www.utpjournals.press\/doi\/abs\/10.3138\/cbmh.289-092018\">online<\/a>);<\/li>\n\n\n\n<li>\u201creview of Elizabeth W. Mellyn, <em>Mad Tuscans and Their Families: A History of Mental Disorder in Early Modern Italy<\/em>, Philadelphie, University of Pennsylvania Press, 2014\u201d, for the journal <em>Annales. Histoire, Sciences Sociales<\/em>, 2018, 73(2), p. 521-522 (<a href=\"file:\/\/\/D:\/Dropbox\/.%20RECHERCHE\/.%20Post%20Doc\/1.%20FNRS%20(Belgique)%20(retenter%202021)\/.%20Projet%20Li\u00e8ge%202020\/doi%2010.1017\/ahss.2019.29\">online<\/a>);<\/li>\n\n\n\n<li>\u201creview of Damien Boquet, Piroska Nagy, <em>Sensible Moyen \u00c2ge, Une histoire des \u00e9motions dans l\u2019Occident m\u00e9di\u00e9val<\/em>, L\u2019Univers historique, Paris, Seuil, 2015\u201d, for the journal <em>Memini Travaux et documents<\/em>, 2017, p. 22-23 (<a href=\"http:\/\/journals.openedition.org\/memini\/1018\">online<\/a>).<\/li>\n<\/ol>\n","protected":false},"excerpt":{"rendered":"<p>Books, as an author or an editor Edition of journal issues \u00a0 Journal articles (peer-reviewed) Handbook chapters (peer-reviewed) Book chapters (peer-reviewed) Book reviews + Critical notes and book reviews (for Annales. Histoire, Sciences Sociales&nbsp;; Canadian Bulletin of Medical History&nbsp;; Revue d\u2019histoire eccl\u00e9siastique ; Sehepunkte, Rezensionsjournal f\u00fcr die Geschichtswissenschaften&nbsp;; Le Moyen \u00c2ge, Revue d\u2019histoire et de &hellip; <\/p>\n<p class=\"link-more\"><a href=\"https:\/\/ninondubourg.com\/index.php\/publications\/\" class=\"more-link\">Continue reading<span class=\"screen-reader-text\"> &#8220;Publications&#8221;<\/span><\/a><\/p>\n","protected":false},"author":1,"featured_media":351,"parent":0,"menu_order":0,"comment_status":"closed","ping_status":"closed","template":"","meta":{"footnotes":""},"class_list":["post-277","page","type-page","status-publish","has-post-thumbnail","hentry"],"_links":{"self":[{"href":"https:\/\/ninondubourg.com\/index.php\/wp-json\/wp\/v2\/pages\/277","targetHints":{"allow":["GET"]}}],"collection":[{"href":"https:\/\/ninondubourg.com\/index.php\/wp-json\/wp\/v2\/pages"}],"about":[{"href":"https:\/\/ninondubourg.com\/index.php\/wp-json\/wp\/v2\/types\/page"}],"author":[{"embeddable":true,"href":"https:\/\/ninondubourg.com\/index.php\/wp-json\/wp\/v2\/users\/1"}],"replies":[{"embeddable":true,"href":"https:\/\/ninondubourg.com\/index.php\/wp-json\/wp\/v2\/comments?post=277"}],"version-history":[{"count":17,"href":"https:\/\/ninondubourg.com\/index.php\/wp-json\/wp\/v2\/pages\/277\/revisions"}],"predecessor-version":[{"id":446,"href":"https:\/\/ninondubourg.com\/index.php\/wp-json\/wp\/v2\/pages\/277\/revisions\/446"}],"wp:featuredmedia":[{"embeddable":true,"href":"https:\/\/ninondubourg.com\/index.php\/wp-json\/wp\/v2\/media\/351"}],"wp:attachment":[{"href":"https:\/\/ninondubourg.com\/index.php\/wp-json\/wp\/v2\/media?parent=277"}],"curies":[{"name":"wp","href":"https:\/\/api.w.org\/{rel}","templated":true}]}}