{"id":242,"date":"2019-06-22T14:52:57","date_gmt":"2019-06-22T12:52:57","guid":{"rendered":"http:\/\/ninondubourg.com\/?page_id=242"},"modified":"2019-06-22T14:54:53","modified_gmt":"2019-06-22T12:54:53","slug":"le-fauteuil-de-fer-le-handicap-physique-du-moyen-age-a-game-of-thrones","status":"publish","type":"page","link":"https:\/\/ninondubourg.com\/index.php\/le-fauteuil-de-fer-le-handicap-physique-du-moyen-age-a-game-of-thrones\/","title":{"rendered":"Le fauteuil de fer : le handicap physique, du Moyen \u00c2ge \u00e0 Game of Thrones (web journal article in Actuel Moyen \u00c2ge)"},"content":{"rendered":"\n<p>&#8221; Bien des&nbsp;<a href=\"https:\/\/www.lemonde.fr\/idees\/article\/2019\/04\/16\/winter-is-coming-aux-sources-medievales-de-game-of-thrones_5450765_3232.html\">livres<\/a>&nbsp;ou des&nbsp;<a href=\"https:\/\/journals.openedition.org\/crm\/13765\">articles<\/a>&nbsp;ont soulign\u00e9 certaines ressemblances de la s\u00e9rie \u00ab&nbsp;Game of Thrones&nbsp;\u00bb (Le tr\u00f4ne de fer) avec le monde m\u00e9di\u00e9val. La similitude est en effet s\u00e9duisante puisque de nombreux aspects de cette \u00e9poque servent clairement d\u2019inspiration \u00e0 George R. R. Martin pour l\u2019\u00e9criture de son cycle&nbsp;<em>A Song of Ice and Fire<\/em>, et la distribution de la s\u00e9rie compte beaucoup de personnages en situation de handicap, ce qui lui a valu d\u2019\u00eatre&nbsp;<a href=\"https:\/\/mediaaccessawards.com\/farewell-to-game-of-thrones-a-tv-series-that-championed-characters-with-disabilities\/\">r\u00e9compens\u00e9e<\/a>&nbsp;en 2013. Ces personnages nous \u00e9clairent sur le handicap tel qu\u2019il est pens\u00e9 par l\u2019auteur et les producteurs de la s\u00e9rie David Benioff et D. B. Weiss, mais ils r\u00e9v\u00e8lent \u00e9galement nos conceptions contemporaines sur l\u2019infirmit\u00e9 et\u2026 sur une certaine image du handicap m\u00e9di\u00e9val. &#8230; &#8221; [<a href=\"https:\/\/actuelmoyenage.wordpress.com\/2019\/06\/20\/le-fauteuil-de-fer-le-handicap-physique-du-moyen-age-a-game-of-thrones\/\">click to read more<\/a>]<\/p>\n\n\n\n<figure class=\"wp-block-image\"><a href=\"Le fauteuil de fer : le handicap physique, du Moyen \u00c2ge \u00e0 Game of Thrones\" target=\"_blank\" rel=\"noreferrer noopener\"><img loading=\"lazy\" decoding=\"async\" width=\"1024\" height=\"870\" src=\"https:\/\/ninondubourg.com\/wp-content\/uploads\/2019\/06\/Actuelmoyenage-article-GOT-1024x870.png\" alt=\"\" class=\"wp-image-244\" srcset=\"https:\/\/ninondubourg.com\/wp-content\/uploads\/2019\/06\/Actuelmoyenage-article-GOT-1024x870.png 1024w, https:\/\/ninondubourg.com\/wp-content\/uploads\/2019\/06\/Actuelmoyenage-article-GOT-300x255.png 300w, https:\/\/ninondubourg.com\/wp-content\/uploads\/2019\/06\/Actuelmoyenage-article-GOT-768x653.png 768w, https:\/\/ninondubourg.com\/wp-content\/uploads\/2019\/06\/Actuelmoyenage-article-GOT.png 1047w\" sizes=\"auto, (max-width: 767px) 89vw, (max-width: 1000px) 54vw, (max-width: 1071px) 543px, 580px\" \/><\/a><\/figure>\n","protected":false},"excerpt":{"rendered":"<p>&#8221; Bien des&nbsp;livres&nbsp;ou des&nbsp;articles&nbsp;ont soulign\u00e9 certaines ressemblances de la s\u00e9rie \u00ab&nbsp;Game of Thrones&nbsp;\u00bb (Le tr\u00f4ne de fer) avec le monde m\u00e9di\u00e9val. La similitude est en effet s\u00e9duisante puisque de nombreux aspects de cette \u00e9poque servent clairement d\u2019inspiration \u00e0 George R. R. Martin pour l\u2019\u00e9criture de son cycle&nbsp;A Song of Ice and Fire, et la distribution &hellip; <\/p>\n<p class=\"link-more\"><a href=\"https:\/\/ninondubourg.com\/index.php\/le-fauteuil-de-fer-le-handicap-physique-du-moyen-age-a-game-of-thrones\/\" class=\"more-link\">Continue reading<span class=\"screen-reader-text\"> &#8220;Le fauteuil de fer : le handicap physique, du Moyen \u00c2ge \u00e0 Game of Thrones (web journal article in Actuel Moyen \u00c2ge)&#8221;<\/span><\/a><\/p>\n","protected":false},"author":1,"featured_media":0,"parent":0,"menu_order":0,"comment_status":"closed","ping_status":"closed","template":"","meta":{"footnotes":""},"class_list":["post-242","page","type-page","status-publish","hentry"],"_links":{"self":[{"href":"https:\/\/ninondubourg.com\/index.php\/wp-json\/wp\/v2\/pages\/242","targetHints":{"allow":["GET"]}}],"collection":[{"href":"https:\/\/ninondubourg.com\/index.php\/wp-json\/wp\/v2\/pages"}],"about":[{"href":"https:\/\/ninondubourg.com\/index.php\/wp-json\/wp\/v2\/types\/page"}],"author":[{"embeddable":true,"href":"https:\/\/ninondubourg.com\/index.php\/wp-json\/wp\/v2\/users\/1"}],"replies":[{"embeddable":true,"href":"https:\/\/ninondubourg.com\/index.php\/wp-json\/wp\/v2\/comments?post=242"}],"version-history":[{"count":4,"href":"https:\/\/ninondubourg.com\/index.php\/wp-json\/wp\/v2\/pages\/242\/revisions"}],"predecessor-version":[{"id":249,"href":"https:\/\/ninondubourg.com\/index.php\/wp-json\/wp\/v2\/pages\/242\/revisions\/249"}],"wp:attachment":[{"href":"https:\/\/ninondubourg.com\/index.php\/wp-json\/wp\/v2\/media?parent=242"}],"curies":[{"name":"wp","href":"https:\/\/api.w.org\/{rel}","templated":true}]}}