{"id":2,"date":"2019-03-08T23:12:24","date_gmt":"2019-03-08T22:12:24","guid":{"rendered":"http:\/\/ninondubourg.com\/?page_id=2"},"modified":"2024-12-26T16:30:53","modified_gmt":"2024-12-26T15:30:53","slug":"page-d-exemple","status":"publish","type":"page","link":"https:\/\/ninondubourg.com\/index.php\/page-d-exemple\/","title":{"rendered":"Job experiences"},"content":{"rendered":"\n<p>Manager of the research blog <a href=\"https:\/\/dishist.hypotheses.org\/\"><strong>Hypoth\u00e8ses<\/strong> <em><strong>History of Disease, Disability &amp; Medicine in Medieval Europe<\/strong><\/em><\/a>.<\/p>\n\n\n\n<h2 class=\"wp-block-heading\"><strong>Job experiences<\/strong><\/h2>\n\n\n\n<div class=\"wp-block-group has-very-light-gray-background-color has-background\"><div class=\"wp-block-group__inner-container is-layout-flow wp-block-group-is-layout-flow\">\n<p><strong>Since the 1st October 2024<\/strong>: Alexander von Humboldt fellow &#8211; University of Cologne (Germany)<\/p>\n<\/div><\/div>\n\n\n\n<p><strong>2021-2024<\/strong>: <strong>F.R.S.-FNRS Charg\u00e9e de recherche (Postdoctoral fellow)<\/strong> &#8211; Research Unit \u201cTransitions\u201d \u2013 University of Li\u00e8ge (Belgium)\u00a0\u00a0\u00a0\u00a0\u00a0\u00a0\u00a0\u00a0<\/p>\n\n\n\n<p><strong>2019-2021<\/strong> : <strong>European Projects Follow-up <\/strong>(administrative position at the Grant Office) at the Ecole Pratique des Hautes Etudes, Paris.<\/p>\n\n\n\n<p><strong>2019-2021<\/strong>: Several times <strong>ranked<\/strong> for postdoctoral fellowships (selection).<\/p>\n\n\n\n<ul class=\"wp-block-list\">\n<li>First on the waiting list for <strong>TIAS<\/strong>, Turku (Finland) (2020),<\/li>\n\n\n\n<li>First on the waiting list for <strong>Reinforcing Women in Research<\/strong>, Vienne (Austria) (2020),<\/li>\n\n\n\n<li>Seal of Excellence <strong>MSCA<\/strong> Postdoctoral Fellowship (2019), Tampere (Finland).<\/li>\n<\/ul>\n\n\n\n<p><strong>2019-2021<\/strong>: Independent French Teacher of Literature (200 hours of teaching) &#8211; Acadomia (Group courses for French baccalaureate students).<\/p>\n\n\n\n<p><\/p>\n\n\n\n<p><strong>2018-2019<\/strong>&nbsp;: <strong>Temporary teaching<\/strong>, Universit\u00e9 Paris CIt\u00e9 (63 hours of teaching).<\/p>\n\n\n\n<p><strong>2015-2017<\/strong>&nbsp;: <strong>Temporary teaching and research&nbsp;position<\/strong> (ATER) in medieval history, Universit\u00e9 Paris Diderot \u2013 Paris 7 (384 hours of teaching).<\/p>\n\n\n\n<p><strong>2012-2015<\/strong>&nbsp;: <strong>Recipient doctoral student <\/strong>of the l\u2019\u00c9cole Doctorale \u00c9conomies, Espaces, Soci\u00e9t\u00e9s, Civilisations (ED 382) at the Universit\u00e9 Paris Diderot \u2013 Paris 7, laboratory ICT (Identit\u00e9s, Cultures et Territoires, EA 337) in medieval history under the supervision of Didier Lett (Universit\u00e9 Paris Diderot \u2013 Paris 7) (96 hours of traching).<\/p>\n\n\n\n<p>Entitled \u201c\u2018<em>Ad obsequium divinum inhabilem<\/em>\u2019 The Recognition of the disabled person\u2019s condition by the Papal Chancery (12th-14th&nbsp;century)\u201d, my dissertation seeks to question the integration of disabled persons into the clergy and the secular society, but also the utility that the Church withdraws from going against the laws it has enacted. Documents from Vatican Archives&#8217; petition and letter registers, between norms and practices, allow researchers to see how the disabled person, whether cleric or secular, relies on the institution of which she is part to frame her life \u2013 and, conversely, to capture the gaze of the institution on these people. <\/p>\n\n\n\n<p><strong>2010-2012<\/strong>&nbsp;: <strong>Research master History \u2013 history of art, Antiquity \u2013 Middle Ages<\/strong>, Universit\u00e9 Paul Val\u00e9ry Montpellier III. Dissertation on<em> Les clercs handicap\u00e9s et infirmes au xiii<\/em><sup><em>e<\/em><\/sup><em> si\u00e8cle, \u00e0 travers les lettres de dispense d\u2019Innocent III (1198-1216) et de Boniface VIII (1294-1303)<\/em>, defended in front of Julien Th\u00e9ry and Daniel Le Bl\u00e9vec.<\/p>\n\n\n\n<h2 class=\"wp-block-heading\">Institutional responsibilities<\/h2>\n\n\n\n<p>09\/2021 \u2013 08\/2023 &nbsp;&nbsp;&nbsp;&nbsp; Member of the Management and Scientific Councils, UR \u201cTransitions\u201d.<\/p>\n\n\n\n<p>09\/2013 \u2013 06\/2017&nbsp;&nbsp;&nbsp;&nbsp;&nbsp;&nbsp; Substitute delegate for PhD students from the \u00c9cole Doctorale 382.<\/p>\n\n\n\n<p>09\/2014 \u2013 06\/2016&nbsp; &nbsp;&nbsp;&nbsp; Delegate of the doctoral students of the laboratory ICT \u2013 UPC.<\/p>\n\n\n\n<h2 class=\"wp-block-heading\"><strong>Integration\nin international networks<\/strong><\/h2>\n\n\n\n<p>2021 \u2013 Today &nbsp;&nbsp;&nbsp; Co-funder (with Gildas Br\u00e9gain) of the <a href=\"https:\/\/docs.google.com\/spreadsheets\/d\/1MrI7DmMZ3K7f0LSpCBAQm6iO3Hp9mkRVxFqrh8VDQD8\/edit?usp=sharing\"><em><strong>R\u00e9seau des chercheurs francophones en histoire du handicap et de la surdit\u00e9<\/strong><\/em><\/a> (<em>Network of French-speaking researchers on history of disability and deafness).<\/em><\/p>\n\n\n\n<p>2015 \u2013 Today &nbsp;&nbsp;&nbsp; Member of the network <strong>\u00ab&nbsp;<a href=\"https:\/\/www.reseau-sante-societe.org\/membre\/ninon.dubourg\/\">Jeunes chercheurs Handicap(s) et Soci\u00e9t\u00e9s, Programme Handicaps et Soci\u00e9t\u00e9s<\/a>&nbsp;\u00bb,<\/strong> <strong>EHESS<\/strong>, Paris.<\/p>\n\n\n\n<p>2013 \u2013 Today&nbsp;&nbsp;&nbsp;&nbsp;&nbsp; Associate member of the research group \u201c<em><strong><a href=\"http:\/\/www.homo-debilis.de\/personen\/\">Homo debilis. Dis\/ability in Pre-Modern Societies<\/a><\/strong><\/em>\u201d, Bremen University.<\/p>\n\n\n\n<p>2013 \u2013 2016&nbsp;&nbsp;&nbsp;&nbsp;&nbsp;&nbsp; Mentee of the <em><strong><a href=\"http:\/\/dishist.org\/?p=1220\">American Historical Association Committee on Disability, Disability History Mentorship program<\/a><\/strong><\/em> (mentor: Catherine KUDLICK).<\/p>\n\n\n\n<figure class=\"wp-block-gallery has-nested-images columns-default is-cropped wp-block-gallery-1 is-layout-flex wp-block-gallery-is-layout-flex\">\n<figure class=\"wp-block-image size-large\"><img loading=\"lazy\" decoding=\"async\" width=\"712\" height=\"479\" data-id=\"310\" src=\"http:\/\/ninondubourg.com\/wp-content\/uploads\/2020\/02\/doctor-monkey.png\" alt=\"\" class=\"wp-image-310\" srcset=\"https:\/\/ninondubourg.com\/wp-content\/uploads\/2020\/02\/doctor-monkey.png 712w, https:\/\/ninondubourg.com\/wp-content\/uploads\/2020\/02\/doctor-monkey-300x202.png 300w\" sizes=\"auto, (max-width: 712px) 100vw, 712px\" \/><\/figure>\n<\/figure>\n\n\n\n<h2 class=\"wp-block-heading\"><strong>Organisation and coordination of scientific works<\/strong><\/h2>\n\n\n\n<p>2022-2024&nbsp;&nbsp;&nbsp;&nbsp;&nbsp;&nbsp;&nbsp;&nbsp;&nbsp; Co-organisation of the <strong>webinar \u201cDisability &amp; War\u201d<\/strong> with C. Masson (FRS-FNRS \u2013 ULi\u00e8ge)<\/p>\n\n\n\n<p>2021-2025\u00a0\u00a0\u00a0\u00a0\u00a0\u00a0\u00a0\u00a0\u00a0 Co-organisation of the <strong>hybrid seminar \u201cConstruire une histoire du handicap et de la surdit\u00e9 au travers des si\u00e8cles\u201d<\/strong> (Building a history of disability and deafness through the centuries) (EHESS UE79) with F. Bertin (EHESS) and G. Br\u00e9gain (CNRS).<\/p>\n\n\n\n<p>07\/2023&nbsp;&nbsp;&nbsp;&nbsp;&nbsp;&nbsp;&nbsp;&nbsp;&nbsp;&nbsp;&nbsp;&nbsp;&nbsp; <strong>Co-organisation of one session <\/strong>composed by two panels entitled \u201cAgeing and Care in the Middle Ages\u201d with Laura Cayrol-Bernardo (Bergen), 3-6 July 2023, <em>International Medieval Congress of Leeds<\/em>, Leeds;<\/p>\n\n\n\n<p>06\/2023 &nbsp;&nbsp;&nbsp;&nbsp;&nbsp;&nbsp;&nbsp;&nbsp;&nbsp;&nbsp;&nbsp;&nbsp; <strong>Co-organisation of one session<\/strong> for the international conference ALTER, the European Society for Disability Research, Aubervilliers, 2023.<\/p>\n\n\n\n<p>06\/2023&nbsp;&nbsp;&nbsp;&nbsp;&nbsp;&nbsp;&nbsp;&nbsp;&nbsp;&nbsp;&nbsp;&nbsp;&nbsp; <strong>Co-organisation of the International Conference \u201cHistories of Disability &amp; Emotions\u201d<\/strong> with S. Scalenghe, (Loyola University) and P. Verstraete (KULeuven), KU Leuven and ULi\u00e8ge;<\/p>\n\n\n\n<p>07\/2022&nbsp;&nbsp;&nbsp;&nbsp;&nbsp;&nbsp;&nbsp;&nbsp;&nbsp;&nbsp;&nbsp;&nbsp;&nbsp; <strong>Co-organisation of one session<\/strong> composed by three panels entitled \u201cThe Borders of Disability and Ability, Ill-Health and Health\u201d with <a>Adelheid Russenberg<\/a> (UCLondon), 4-7 July 2022, <em>International Medieval Congress of Leeds<\/em>, Leeds;<\/p>\n\n\n\n<p>2021-2022&nbsp;&nbsp;&nbsp;&nbsp;&nbsp;&nbsp;&nbsp;&nbsp;&nbsp; Help in the <strong>organisation of the seminar \u201ccorps emp\u00each\u00e9s\u201d <\/strong>(impaired bodies) in Angers in the framework of the ANR Fil_IAM of Carole Avignon, University of Angers;<\/p>\n\n\n\n<p>03\/2017&nbsp;&nbsp;&nbsp;&nbsp;&nbsp;&nbsp;&nbsp;&nbsp;&nbsp;&nbsp;&nbsp;&nbsp;&nbsp; <strong>Presentation of the last works of Henri-Jacques Stiker<\/strong> around a meeting with the author, \u201cAnthropologie et histoire du handicap\u201d (Anthropology and Disability History), UPC, Paris;<\/p>\n\n\n\n<p>09\/2015&nbsp;&nbsp;&nbsp;&nbsp;&nbsp;&nbsp;&nbsp;&nbsp;&nbsp;&nbsp;&nbsp;&nbsp;&nbsp; <strong>Workshop <\/strong>\u201cUtiliser l\u2019Histoire: regards crois\u00e9s sur la discipline historique\u201d (Using History: A Cross-Review of the Historical Discipline), UPC;<\/p>\n\n\n\n<p>09\/2014&nbsp;&nbsp;&nbsp;&nbsp;&nbsp;&nbsp;&nbsp;&nbsp;&nbsp;&nbsp;&nbsp;&nbsp;&nbsp; <strong>Workshop <\/strong>\u201cHabiter: lieux de vie et fa\u00e7ons de vivre. Une approche pluridisciplinaire du quotidien\u201d (Living: places to live and ways to live. A multidisciplinary approach to everyday life), UPC.<\/p>\n\n\n\n<p>2013&nbsp;&nbsp;&nbsp;&nbsp;&nbsp;&nbsp;&nbsp;&nbsp;&nbsp;&nbsp;&nbsp;&nbsp;&nbsp; Conducting a <strong>survey of students<\/strong> enrolled in the first year of the degree in history and their representations of medieval and contemporary history, presented at the General Assembly of the Department of History, Universit\u00e9 Paris Diderot \u2013 Paris 7, 20 February 2014 (with Delphine Pi\u00e9tu).<\/p>\n\n\n\n<h2 class=\"wp-block-heading\"><strong>Outreach activities<\/strong><\/h2>\n\n\n\n<p><strong>Critical notes and book reviews <\/strong>(for <em>Annales. Histoire, Sciences Sociales<\/em>&nbsp;; <em>Canadian Bulletin of Medical History<\/em>&nbsp;;<em> Revue d\u2019histoire eccl\u00e9siastique <\/em>; <em>Sehepunkte, Rezensionsjournal f\u00fcr die Geschichtswissenschaften<\/em>&nbsp;; <em>Le Moyen \u00c2ge, Revue d\u2019histoire et de philologie<\/em>&nbsp;; <em>Journal of the History of Medicine and Allied Sciences<\/em>&nbsp;<em>; Memini Travaux et documents<\/em>) (<strong>15+<\/strong>).<\/p>\n\n\n\n<p>Management of the research blog <a href=\"mailto:https:\/\/dishist.hypotheses.org\/\">History of Disease, Disability &amp; Medicine in Medieval Europe<\/a>).<\/p>\n\n\n\n<p>Article \u201c<a href=\"http:\/\/www.menestrel.fr\/?-Handicap-&amp;lang=fr\">handicap<\/a>\u201d (disability) on the <a href=\"http:\/\/www.menestrel.fr\/?-handicap-&amp;lang=fr\">Francophone website <em>Menestrel<\/em><\/a>.<\/p>\n\n\n\n<p>Academic Twitter threads for \u201c<a href=\"https:\/\/twitter.com\/EnDirectDuLabo\/status\/1130489113826795520\">en direct du labo<\/a>\u201d (live from the lab, May 2019, audience 644,000) and&nbsp; \u201c<a href=\"https:\/\/twitter.com\/Tweetistorian\/status\/1538942792545841152\">Tweeting Historians<\/a>\u201d (June 2022, audience 200,000).<\/p>\n\n\n\n<p><\/p>\n\n\n\n<p><strong>Blog\u2019s articles<\/strong>:<\/p>\n\n\n\n<div class=\"wp-block-group\"><div class=\"wp-block-group__inner-container is-layout-constrained wp-block-group-is-layout-constrained\">\n<ul class=\"wp-block-list\">\n<li><ul><li><a href=\"https:\/\/actuelmoyenage.wordpress.com\/2019\/06\/20\/le-fauteuil-de-fer-le-handicap-physique-du-moyen-age-a-game-of-thrones\/\">Medieval physical and mental disability and its representation in the TV-show <em>Game of Thrones<\/em><\/a> \u2013 \u201c<a href=\"https:\/\/actuelmoyenage.wordpress.com\/2019\/06\/20\/le-fauteuil-de-fer-le-handicap-physique-du-moyen-age-a-game-of-thrones\/\">Actuel Moyen \u00c2ge<\/a>\u201d (Lived Middle Ages), 20<sup>th<\/sup> June 2019.<\/li><\/ul><\/li>\n<\/ul>\n\n\n\n<ul class=\"wp-block-list\">\n<li><ul><li><a href=\"https:\/\/actuelmoyenage.wordpress.com\/2021\/08\/26\/nicolas-dorgemont-le-boiteux-representations-du-handicap\/\">Medieval representation(s) of disability<\/a> \u2013 Nicolas d\u2019Orgemont \u00ab le Boiteux \u00bb example \u2013 \u201c<a href=\"https:\/\/actuelmoyenage.wordpress.com\/2019\/06\/20\/le-fauteuil-de-fer-le-handicap-physique-du-moyen-age-a-game-of-thrones\/\">Actuel Moyen \u00c2ge<\/a>\u201d (Lived Middle Ages), August 26, 2021.<\/li><\/ul><\/li>\n<\/ul>\n\n\n\n<ul class=\"wp-block-list\">\n<li><ul><li><a href=\"https:\/\/dieses.fr\/la-longue-histoire-des-pretres-catholiques-en-situation-de-handicap\">The long history of disabled Catholic priests<\/a> \u2013 revue Di\u00e8ses.fr, December 23, 2021.<\/li><\/ul><\/li>\n<\/ul>\n\n\n\n<ul class=\"wp-block-list\">\n<li><a href=\"https:\/\/dieses.fr\/handicap-et-jeux-video-la-voie-de-laccessibilite\">Disability and video games: the road to accessibility<\/a> \u2013 revue Di\u00e8ses.fr, March 22, 2022.<\/li>\n<\/ul>\n<\/div><\/div>\n\n\n\n<h2 class=\"wp-block-heading\"><strong>Research funding and grants<\/strong><\/h2>\n\n\n\n<p>03\/2022&nbsp;&nbsp;&nbsp;&nbsp;&nbsp;&nbsp;&nbsp;&nbsp;&nbsp; Research Grant, <em>Stipendia Academiae Belgicae<\/em>\/Rome\/Italy (1 month duration).<\/p>\n\n\n\n<p>10\/2021&nbsp;&nbsp;&nbsp;&nbsp;&nbsp;&nbsp;&nbsp;&nbsp;&nbsp; Charg\u00e9e de recherche (postdoctoral fellow) from the F.R.S.-FNRS (3 years duration).<\/p>\n\n\n\n<p>09\/2016&nbsp;&nbsp;&nbsp;&nbsp;&nbsp;&nbsp;&nbsp;&nbsp;&nbsp; Temporary teaching and research&nbsp;position (ATER \u2013 1 year duration).<\/p>\n\n\n\n<p>09\/2015&nbsp;&nbsp;&nbsp;&nbsp;&nbsp;&nbsp;&nbsp;&nbsp;&nbsp; Temporary teaching and research&nbsp;position (ATER \u2013 1 year duration).<\/p>\n\n\n\n<p>09\/2012&nbsp;&nbsp;&nbsp;&nbsp;&nbsp;&nbsp;&nbsp;&nbsp;&nbsp; Recipient doctoral student (3 years duration).<\/p>\n\n\n\n<p>04\/2017&nbsp;&nbsp;&nbsp;&nbsp;&nbsp;&nbsp;&nbsp;&nbsp;&nbsp; Fellowship, French School of Rome\/Rome\/Italy (1 month duration).<\/p>\n\n\n\n<p>04\/2016&nbsp;&nbsp;&nbsp;&nbsp;&nbsp;&nbsp;&nbsp;&nbsp;&nbsp; Fellowship, French School of Rome\/Rome\/Italy (1 month duration).<\/p>\n\n\n\n<p>11\/2014&nbsp;&nbsp;&nbsp;&nbsp;&nbsp;&nbsp;&nbsp;&nbsp;&nbsp;&nbsp; Fellowship, French School of Rome\/Rome\/Italy (1 month duration).<\/p>\n\n\n\n<p>06\/2014&nbsp;&nbsp;&nbsp;&nbsp;&nbsp;&nbsp;&nbsp;&nbsp;&nbsp; Grant to participate to the workshop <em>History and Computer Science, Textometry of Historical Sources<\/em>, French School of Rome, Rome (1 week duration).<\/p>\n\n\n\n<p>03\/2014          Training course in medieval diplomacy organized by the GDR (research group) 3177 &#8220;Diplomatique&#8221;, CNRS, in the National archives, Paris (3 days duration).<\/p>\n\n\n\n<p><\/p>\n","protected":false},"excerpt":{"rendered":"<p>Manager of the research blog Hypoth\u00e8ses History of Disease, Disability &amp; Medicine in Medieval Europe. Job experiences Since the 1st October 2024: Alexander von Humboldt fellow &#8211; University of Cologne (Germany) 2021-2024: F.R.S.-FNRS Charg\u00e9e de recherche (Postdoctoral fellow) &#8211; Research Unit \u201cTransitions\u201d \u2013 University of Li\u00e8ge (Belgium)\u00a0\u00a0\u00a0\u00a0\u00a0\u00a0\u00a0\u00a0 2019-2021 : European Projects Follow-up (administrative position at &hellip; <\/p>\n<p class=\"link-more\"><a href=\"https:\/\/ninondubourg.com\/index.php\/page-d-exemple\/\" class=\"more-link\">Continue reading<span class=\"screen-reader-text\"> &#8220;Job experiences&#8221;<\/span><\/a><\/p>\n","protected":false},"author":1,"featured_media":113,"parent":0,"menu_order":0,"comment_status":"closed","ping_status":"open","template":"","meta":{"footnotes":""},"class_list":["post-2","page","type-page","status-publish","has-post-thumbnail","hentry"],"_links":{"self":[{"href":"https:\/\/ninondubourg.com\/index.php\/wp-json\/wp\/v2\/pages\/2","targetHints":{"allow":["GET"]}}],"collection":[{"href":"https:\/\/ninondubourg.com\/index.php\/wp-json\/wp\/v2\/pages"}],"about":[{"href":"https:\/\/ninondubourg.com\/index.php\/wp-json\/wp\/v2\/types\/page"}],"author":[{"embeddable":true,"href":"https:\/\/ninondubourg.com\/index.php\/wp-json\/wp\/v2\/users\/1"}],"replies":[{"embeddable":true,"href":"https:\/\/ninondubourg.com\/index.php\/wp-json\/wp\/v2\/comments?post=2"}],"version-history":[{"count":46,"href":"https:\/\/ninondubourg.com\/index.php\/wp-json\/wp\/v2\/pages\/2\/revisions"}],"predecessor-version":[{"id":716,"href":"https:\/\/ninondubourg.com\/index.php\/wp-json\/wp\/v2\/pages\/2\/revisions\/716"}],"wp:featuredmedia":[{"embeddable":true,"href":"https:\/\/ninondubourg.com\/index.php\/wp-json\/wp\/v2\/media\/113"}],"wp:attachment":[{"href":"https:\/\/ninondubourg.com\/index.php\/wp-json\/wp\/v2\/media?parent=2"}],"curies":[{"name":"wp","href":"https:\/\/api.w.org\/{rel}","templated":true}]}}